{"id":10132,"date":"2016-12-10T23:02:07","date_gmt":"2016-12-10T21:02:07","guid":{"rendered":"http:\/\/www.friedenkoeln.de\/?page_id=10132"},"modified":"2024-03-01T11:59:41","modified_gmt":"2024-03-01T10:59:41","slug":"berichte","status":"publish","type":"page","link":"https:\/\/www.friedenkoeln.de\/?page_id=10132","title":{"rendered":"Berichte"},"content":{"rendered":"<p>&nbsp;<\/p>\n<p><a href=\"https:\/\/www.friedenkoeln.de\/wp-content\/uploads\/2024\/03\/SprecherInnen-DFG-VK-Gruppe-Koeln_Jahresbericht_20240229_final.pdf\">Rechenschaftsbericht der Sprecher*innen \u00fcber die T\u00e4tigkeit der Gruppe K\u00f6ln vom 29.2.2024<\/a><\/p>\n<p><a href=\"https:\/\/www.friedenkoeln.de\/wp-content\/uploads\/2023\/04\/SprecherInnen-DFG-VK-Gruppe-Koeln_Jahresbericht_20230423_final.pdf\">Rechenschaftsbericht der Sprecher*innen \u00fcber die T\u00e4tigkeit der Gruppe K\u00f6ln vom 23.4.2023<\/a><\/p>\n<p><a href=\"https:\/\/www.friedenkoeln.de\/wp-content\/uploads\/2022\/08\/Sprecherinnen-Bericht-zur-JHV-2022.pdf\">Rechenschaftsbericht der Sprecher*innen \u00fcber die T\u00e4tigkeit der Gruppe K\u00f6ln vom 14.4.2022<\/a><\/p>\n<p><a href=\"https:\/\/www.friedenkoeln.de\/wp-content\/uploads\/2021\/03\/SprecherInnen-DFG-VK-Gruppe-Koeln_Jahresbericht_20210320_final.pdf\">Rechenschaftsbericht der Sprecher*innen \u00fcber die T\u00e4tigkeit der Gruppe K\u00f6ln vom 20.3.2021<\/a><\/p>\n<p><a href=\"https:\/\/www.friedenkoeln.de\/wp-content\/uploads\/2020\/09\/SprecherInnen-DFG-VK-Gruppe-Koeln_Jahresbericht_20200829_final.pdf\">Rechenschaftsbericht der Sprecher*innen \u00fcber die T\u00e4tigkeit der Gruppe K\u00f6ln vom 29.8.2020\u00a0<\/a><\/p>\n<p><a href=\"https:\/\/www.friedenkoeln.de\/wp-content\/uploads\/2019\/08\/Bericht-Gruppensprecher_DFG-VK-Gr-K\u00f6ln_JHV_2019_v4.pdf\">Rechenschaftsbericht der Sprecher*innen \u00fcber die T\u00e4tigkeit der Gruppe K\u00f6ln vom 24.8.2019<\/a><\/p>\n<p><a href=\"http:\/\/www.friedenkoeln.de\/wp-content\/uploads\/2014\/10\/Harald-Fuchs_Rechenschaftsbericht-DFG-VK-Gruppe-K\u00f6ln_20151001.pdf\">Rechenschaftsbericht von Harald Fuchs \u00fcber die T\u00e4tigkeit der Gruppe K\u00f6ln vom 1.10.2015<\/a><\/p>\n","protected":false},"excerpt":{"rendered":"<p>&nbsp; Rechenschaftsbericht der Sprecher*innen \u00fcber die T\u00e4tigkeit der Gruppe K\u00f6ln vom 29.2.2024 Rechenschaftsbericht der Sprecher*innen \u00fcber die T\u00e4tigkeit der Gruppe K\u00f6ln vom 23.4.2023 Rechenschaftsbericht der Sprecher*innen \u00fcber die T\u00e4tigkeit der Gruppe K\u00f6ln vom 14.4.2022&#46;&#46;&#46;<\/p>\n","protected":false},"author":110,"featured_media":0,"parent":25,"menu_order":4,"comment_status":"closed","ping_status":"closed","template":"","meta":{"footnotes":""},"class_list":["post-10132","page","type-page","status-publish","hentry"],"_links":{"self":[{"href":"https:\/\/www.friedenkoeln.de\/index.php?rest_route=\/wp\/v2\/pages\/10132","targetHints":{"allow":["GET"]}}],"collection":[{"href":"https:\/\/www.friedenkoeln.de\/index.php?rest_route=\/wp\/v2\/pages"}],"about":[{"href":"https:\/\/www.friedenkoeln.de\/index.php?rest_route=\/wp\/v2\/types\/page"}],"author":[{"embeddable":true,"href":"https:\/\/www.friedenkoeln.de\/index.php?rest_route=\/wp\/v2\/users\/110"}],"replies":[{"embeddable":true,"href":"https:\/\/www.friedenkoeln.de\/index.php?rest_route=%2Fwp%2Fv2%2Fcomments&post=10132"}],"version-history":[{"count":13,"href":"https:\/\/www.friedenkoeln.de\/index.php?rest_route=\/wp\/v2\/pages\/10132\/revisions"}],"predecessor-version":[{"id":18103,"href":"https:\/\/www.friedenkoeln.de\/index.php?rest_route=\/wp\/v2\/pages\/10132\/revisions\/18103"}],"up":[{"embeddable":true,"href":"https:\/\/www.friedenkoeln.de\/index.php?rest_route=\/wp\/v2\/pages\/25"}],"wp:attachment":[{"href":"https:\/\/www.friedenkoeln.de\/index.php?rest_route=%2Fwp%2Fv2%2Fmedia&parent=10132"}],"curies":[{"name":"wp","href":"https:\/\/api.w.org\/{rel}","templated":true}]}}