{"id":10505,"date":"2017-03-31T19:37:15","date_gmt":"2017-03-31T17:37:15","guid":{"rendered":"http:\/\/www.friedenkoeln.de\/?page_id=10505"},"modified":"2017-04-08T18:08:18","modified_gmt":"2017-04-08T16:08:18","slug":"texte-zu-frieden-und-pazifismus","status":"publish","type":"page","link":"https:\/\/www.friedenkoeln.de\/?page_id=10505","title":{"rendered":"Texte zu Frieden und Pazifismus"},"content":{"rendered":"<p>Was ist eigentlich &#8222;Frieden&#8220;?<\/p>\n<p>Was bedeutet &#8222;Pazifismus&#8220;?<\/p>\n<p>Hier gibt es ein paar Anregungen zum Lesen. Ihr werdet aber sicher auch viele eigene Quellen finden, wenn Ihr selbst sucht!<\/p>\n<p>Sagt uns Bescheid, wenn Ihr gute Texte findet. Wir freuen uns \u00fcber Eure Hinweise &#8211; am besten per Email an wettbewerb@friedenkoeln.de!<\/p>\n<hr \/>\n<p>Dieses Buch findet Ihr vielleicht in der Stadt- oder Schulb\u00fccherei:<\/p>\n<p>Konstantin Wecker, Margot K\u00e4\u00dfmann (Hg.): <a href=\"http:\/\/www.wecker.de\/de\/literatur\/item\/53-Entruestet-euch.html\">Entr\u00fcstet Euch! Warum Pazifismus f\u00fcr uns das Gebot der Stunde bleibt. Texte zum Frieden<\/a>, G\u00fctersloh 2015<\/p>\n<hr \/>\n<p>Am 9. Oktober 1989 gab es noch zwei deutsche Staaten &#8211; die DDR und die BRD. In der DDR gab es wochenlang heftige Proteste gegen die Regierung. Manche Polizisten und manche Demonstranten gingen aufeinander los. Ein Organisationskomitee der Demonstranten verfasste in der aufgeheizten Lage dieses <a href=\"https:\/\/de.scribd.com\/doc\/26677777\/1989-10-09-Appell-Flugblatt\">Flugblatt<\/a>, um Schlimmeres zu verhindern.<\/p>\n<hr \/>\n<p>Christian F\u00fchrer war ein Pfarrer in der DDR, der 1989 bei den Demonstrationen gegen die Regierung <a href=\"http:\/\/www.dw.com\/de\/keine-gewalt-wir-sind-das-volk\/a-3762472?maca=de-Twitter-sharing\">&#8222;Keine Gewalt!&#8220;<\/a> rief und dazu beigetragen hat, dass die Revolution der DDR-Bev\u00f6lkerung friedlich verlief und erfolgreich war. Er hatte gro\u00dfe Angst vor einem Gewaltausbruch.<\/p>\n<hr \/>\n<p>Die Internationale Katholische Friedensbewegung Pax Christi hat <a href=\"http:\/\/www.paxchristi.de\/file\/download\/AMIfv9408t5pCX9xrxISK7W8I0DiaggacRuOjQK2rPgk470JVOt_vBBEdMI7pjj-M4TukgzyMd7xt5ZPatUbw9zWjDUfkXK4XxHQWgOxLfatvxXiezKoPkWkmms6q2_uQlYCMhGep8-SCtkKH8ri4XniffO0s6Gxc6dKejLQt_E-KvnzB9Byx-Y\/RZ5_55_Beispiele_Netz2.pdf\">F\u00fcnfundf\u00fcnfzig Erfolge f\u00fcr die Gewaltfreiheit<\/a> gesammelt.<\/p>\n<hr \/>\n<p>Die ersten S\u00e4tze des\u00a0<a href=\"https:\/\/www.bundestag.de\/parlament\/aufgaben\/rechtsgrundlagen\/grundgesetz\/gg_00\/245200\">Grundgesetzes der Bundesrepublik Deutschland<\/a> lauten:<\/p>\n<blockquote><p>Im Bewusstsein seiner Verantwortung vor Gott und den Menschen,\u00a0von dem Willen beseelt, als gleichberechtigtes Glied in einem vereinten Europa dem Frieden der Welt zu dienen, hat sich das Deutsche Volk kraft seiner verfassungsgebenden Gewalt dieses Grundgesetz gegeben.<\/p><\/blockquote>\n<p>Das Grundgesetz wurde am 23. Mai 1949 verabschiedet. Alle Politikerinnen und Politiker standen unter dem Eindruck des Zweiten Weltkriegs. Heute gilt die Selbstverpflichtung, dem Frieden der Welt zu dienen, aber immer noch.<\/p>\n<hr \/>\n<p>Die Vereinten Nationen (VN) haben sich auf siebzehn Ziele f\u00fcr die globale nachhaltige Entwicklung geeinigt. Das <a href=\"http:\/\/www.bmz.de\/de\/ministerium\/ziele\/2030_agenda\/17_ziele\/ziel_016_frieden\/index.html\">sechzehnte Ziel lautet: &#8222;Frieden und Gerechtigkeit&#8220;<\/a>. Die VN wollen &#8222;friedliche und inklusive Gesellschaften im Sinne einer nachhaltigen Entwicklung f\u00f6rdern&#8220;.<\/p>\n<p>In den VN sind praktisch alle Staaten vertreten. Sie versuchen hier,\u00a0gemeinsam\u00a0Probleme zu l\u00f6sen, die so kompliziert sind, dass sie viele Staaten gleichzeitig betreffen.<\/p>\n","protected":false},"excerpt":{"rendered":"<p>Was ist eigentlich &#8222;Frieden&#8220;? Was bedeutet &#8222;Pazifismus&#8220;? Hier gibt es ein paar Anregungen zum Lesen. Ihr werdet aber sicher auch viele eigene Quellen finden, wenn Ihr selbst sucht! Sagt uns Bescheid, wenn Ihr gute&#46;&#46;&#46;<\/p>\n","protected":false},"author":110,"featured_media":0,"parent":10500,"menu_order":8,"comment_status":"closed","ping_status":"closed","template":"","meta":{"footnotes":""},"class_list":["post-10505","page","type-page","status-publish","hentry"],"_links":{"self":[{"href":"https:\/\/www.friedenkoeln.de\/index.php?rest_route=\/wp\/v2\/pages\/10505","targetHints":{"allow":["GET"]}}],"collection":[{"href":"https:\/\/www.friedenkoeln.de\/index.php?rest_route=\/wp\/v2\/pages"}],"about":[{"href":"https:\/\/www.friedenkoeln.de\/index.php?rest_route=\/wp\/v2\/types\/page"}],"author":[{"embeddable":true,"href":"https:\/\/www.friedenkoeln.de\/index.php?rest_route=\/wp\/v2\/users\/110"}],"replies":[{"embeddable":true,"href":"https:\/\/www.friedenkoeln.de\/index.php?rest_route=%2Fwp%2Fv2%2Fcomments&post=10505"}],"version-history":[{"count":9,"href":"https:\/\/www.friedenkoeln.de\/index.php?rest_route=\/wp\/v2\/pages\/10505\/revisions"}],"predecessor-version":[{"id":10640,"href":"https:\/\/www.friedenkoeln.de\/index.php?rest_route=\/wp\/v2\/pages\/10505\/revisions\/10640"}],"up":[{"embeddable":true,"href":"https:\/\/www.friedenkoeln.de\/index.php?rest_route=\/wp\/v2\/pages\/10500"}],"wp:attachment":[{"href":"https:\/\/www.friedenkoeln.de\/index.php?rest_route=%2Fwp%2Fv2%2Fmedia&parent=10505"}],"curies":[{"name":"wp","href":"https:\/\/api.w.org\/{rel}","templated":true}]}}