{"id":10578,"date":"2017-04-06T21:47:28","date_gmt":"2017-04-06T19:47:28","guid":{"rendered":"http:\/\/www.friedenkoeln.de\/?page_id=10578"},"modified":"2017-08-25T16:34:57","modified_gmt":"2017-08-25T14:34:57","slug":"worum-geht-es","status":"publish","type":"page","link":"https:\/\/www.friedenkoeln.de\/?page_id=10578","title":{"rendered":"Worum geht es?"},"content":{"rendered":"<p>Gemeinsam mit dem <a href=\"http:\/\/www.friedensbildungswerk.de\">Friedensbildungswerk K\u00f6ln<\/a> und dem F\u00f6rderverein des <a href=\"http:\/\/koelnerfriedensforum.org\/wir-uber-uns\/\">K\u00f6lner Friedensforums<\/a>\u00a0laden wir Euch &#8211; junge Menschen zwischen 6 und 18 Jahren &#8211; zum &#8222;Sch\u00fclerkunstwettbewerb Frieden&#8220; ein.<\/p>\n<div id=\"attachment_10565\" style=\"width: 435px\" class=\"wp-caption alignright\"><img loading=\"lazy\" decoding=\"async\" aria-describedby=\"caption-attachment-10565\" class=\"wp-image-10565\" src=\"http:\/\/www.friedenkoeln.de\/wp-content\/uploads\/2017\/03\/IMG_20160611_171234-1024x576.jpg\" alt=\"\" width=\"425\" height=\"239\" srcset=\"https:\/\/www.friedenkoeln.de\/wp-content\/uploads\/2017\/03\/IMG_20160611_171234-1024x576.jpg 1024w, https:\/\/www.friedenkoeln.de\/wp-content\/uploads\/2017\/03\/IMG_20160611_171234-768x432.jpg 768w\" sizes=\"auto, (max-width: 425px) 100vw, 425px\" \/><p id=\"caption-attachment-10565\" class=\"wp-caption-text\">&#8222;Fight for Peace&#8220;: Stra\u00dfenmalerei auf Friedensdemo in Ramstein 2016. Foto: Stefanie Intveen<\/p><\/div>\n<p>Haben wir Euer Interesse geweckt?<\/p>\n<p>Dann lest die Teilnahmebedingungen durch (es sind nicht viele), sucht Euch einen Freund oder eine Freundin und eine erwachsene Person, die Euch betreut, und meldet Euch bei uns an.<\/p>\n<p>Wir sind\u00a0per Email unter wettbewerb@friedenkoeln.de zu erreichen.<\/p>\n<p>Und merkt Euch schon einmal den 24. November 2017 vor! Da werden die besten Kunstwerke bei einem Friedensfest in K\u00f6ln ausgestellt &#8211; und Preise gibt es auch.<\/p>\n<p>Downloads:<\/p>\n<p>Hier k\u00f6nnt Ihr einen <a href=\"http:\/\/www.friedenkoeln.de\/wp-content\/uploads\/2017\/04\/Flyer-DFG.pdf\">Flyer zum Sch\u00fclerkunstwettbewerb Frieden<\/a>\u00a0in Druckqualit\u00e4t zum Falten herunterladen.<\/p>\n<p>Hier ist der <a href=\"http:\/\/www.friedenkoeln.de\/wp-content\/uploads\/2017\/04\/DFG-VK-125-Jahr-Flyer.pdf\">Flyer zum 125. &#8222;Geburtstag&#8220;<\/a> der Deutschen Friedensgesellschaft (heute DFG-VK).<\/p>\n","protected":false},"excerpt":{"rendered":"<p>Gemeinsam mit dem Friedensbildungswerk K\u00f6ln und dem F\u00f6rderverein des K\u00f6lner Friedensforums\u00a0laden wir Euch &#8211; junge Menschen zwischen 6 und 18 Jahren &#8211; zum &#8222;Sch\u00fclerkunstwettbewerb Frieden&#8220; ein. Haben wir Euer Interesse geweckt? Dann lest die&#46;&#46;&#46;<\/p>\n","protected":false},"author":110,"featured_media":0,"parent":10500,"menu_order":0,"comment_status":"closed","ping_status":"closed","template":"","meta":{"footnotes":""},"class_list":["post-10578","page","type-page","status-publish","hentry"],"_links":{"self":[{"href":"https:\/\/www.friedenkoeln.de\/index.php?rest_route=\/wp\/v2\/pages\/10578","targetHints":{"allow":["GET"]}}],"collection":[{"href":"https:\/\/www.friedenkoeln.de\/index.php?rest_route=\/wp\/v2\/pages"}],"about":[{"href":"https:\/\/www.friedenkoeln.de\/index.php?rest_route=\/wp\/v2\/types\/page"}],"author":[{"embeddable":true,"href":"https:\/\/www.friedenkoeln.de\/index.php?rest_route=\/wp\/v2\/users\/110"}],"replies":[{"embeddable":true,"href":"https:\/\/www.friedenkoeln.de\/index.php?rest_route=%2Fwp%2Fv2%2Fcomments&post=10578"}],"version-history":[{"count":7,"href":"https:\/\/www.friedenkoeln.de\/index.php?rest_route=\/wp\/v2\/pages\/10578\/revisions"}],"predecessor-version":[{"id":11204,"href":"https:\/\/www.friedenkoeln.de\/index.php?rest_route=\/wp\/v2\/pages\/10578\/revisions\/11204"}],"up":[{"embeddable":true,"href":"https:\/\/www.friedenkoeln.de\/index.php?rest_route=\/wp\/v2\/pages\/10500"}],"wp:attachment":[{"href":"https:\/\/www.friedenkoeln.de\/index.php?rest_route=%2Fwp%2Fv2%2Fmedia&parent=10578"}],"curies":[{"name":"wp","href":"https:\/\/api.w.org\/{rel}","templated":true}]}}