{"id":10597,"date":"2017-04-08T12:28:19","date_gmt":"2017-04-08T10:28:19","guid":{"rendered":"http:\/\/www.friedenkoeln.de\/?page_id=10597"},"modified":"2017-04-08T13:27:44","modified_gmt":"2017-04-08T11:27:44","slug":"was-wird-gefeiert","status":"publish","type":"page","link":"https:\/\/www.friedenkoeln.de\/?page_id=10597","title":{"rendered":"Was wird gefeiert?"},"content":{"rendered":"<p>Vor 125 Jahren kamen Menschen zusammen, die ihre Verantwortung f\u00fcr eine friedliche Zukunft f\u00fcr alle Menschen erkannt haben. Bertha von Suttner, Hermann Fried und andere gr\u00fcndeten die Deutsche<\/p>\n<div id=\"attachment_10323\" style=\"width: 147px\" class=\"wp-caption alignleft\"><img loading=\"lazy\" decoding=\"async\" aria-describedby=\"caption-attachment-10323\" class=\" wp-image-10323\" src=\"http:\/\/www.friedenkoeln.de\/wp-content\/uploads\/2017\/02\/Logo-DFG-VK-blau-quadratisch-Entwurf.jpg\" alt=\"\" width=\"137\" height=\"137\" srcset=\"https:\/\/www.friedenkoeln.de\/wp-content\/uploads\/2017\/02\/Logo-DFG-VK-blau-quadratisch-Entwurf.jpg 468w, https:\/\/www.friedenkoeln.de\/wp-content\/uploads\/2017\/02\/Logo-DFG-VK-blau-quadratisch-Entwurf-150x150.jpg 150w, https:\/\/www.friedenkoeln.de\/wp-content\/uploads\/2017\/02\/Logo-DFG-VK-blau-quadratisch-Entwurf-54x54.jpg 54w\" sizes=\"auto, (max-width: 137px) 100vw, 137px\" \/><p id=\"caption-attachment-10323\" class=\"wp-caption-text\">Vereinslogo: ein zerbrochenes Gewehr<\/p><\/div>\n<p>Friedensgesellschaft. Sie wollten, dass Staaten ihre Streitigkeiten auf friedlichem Weg beilegen. Heute hei\u00dft die Gesellschaft \u201eDeutsche Friedensgesellschaft &#8211; Vereinigte KriegsdienstgegnerInnen e. V.\u201c (DFG-VK). Ihre Mitglieder finden:<\/p>\n<p><strong>\u201eKrieg ist ein Verbrechen an der Menschheit. Ich bin daher entschlossen, keine Art von Krieg zu unterst\u00fctzen und an der Beseitigung aller Kriegsursachen mitzuarbeiten.\u201c<\/strong><\/p>\n<p>Wir finden, das ist ein guter Anlass, Frieden und Pazifismus k\u00fcnstlerisch zum Ausdruck zu bringen.<\/p>\n<p>Und ein Friedensfest in K\u00f6ln zu feiern, bei dem Eure\u00a0Kunstwerke der \u00d6ffentlichkeit gezeigt werden.<\/p>\n","protected":false},"excerpt":{"rendered":"<p>Vor 125 Jahren kamen Menschen zusammen, die ihre Verantwortung f\u00fcr eine friedliche Zukunft f\u00fcr alle Menschen erkannt haben. Bertha von Suttner, Hermann Fried und andere gr\u00fcndeten die Deutsche Friedensgesellschaft. Sie wollten, dass Staaten ihre&#46;&#46;&#46;<\/p>\n","protected":false},"author":110,"featured_media":0,"parent":10500,"menu_order":1,"comment_status":"closed","ping_status":"closed","template":"","meta":{"footnotes":""},"class_list":["post-10597","page","type-page","status-publish","hentry"],"_links":{"self":[{"href":"https:\/\/www.friedenkoeln.de\/index.php?rest_route=\/wp\/v2\/pages\/10597","targetHints":{"allow":["GET"]}}],"collection":[{"href":"https:\/\/www.friedenkoeln.de\/index.php?rest_route=\/wp\/v2\/pages"}],"about":[{"href":"https:\/\/www.friedenkoeln.de\/index.php?rest_route=\/wp\/v2\/types\/page"}],"author":[{"embeddable":true,"href":"https:\/\/www.friedenkoeln.de\/index.php?rest_route=\/wp\/v2\/users\/110"}],"replies":[{"embeddable":true,"href":"https:\/\/www.friedenkoeln.de\/index.php?rest_route=%2Fwp%2Fv2%2Fcomments&post=10597"}],"version-history":[{"count":6,"href":"https:\/\/www.friedenkoeln.de\/index.php?rest_route=\/wp\/v2\/pages\/10597\/revisions"}],"predecessor-version":[{"id":10621,"href":"https:\/\/www.friedenkoeln.de\/index.php?rest_route=\/wp\/v2\/pages\/10597\/revisions\/10621"}],"up":[{"embeddable":true,"href":"https:\/\/www.friedenkoeln.de\/index.php?rest_route=\/wp\/v2\/pages\/10500"}],"wp:attachment":[{"href":"https:\/\/www.friedenkoeln.de\/index.php?rest_route=%2Fwp%2Fv2%2Fmedia&parent=10597"}],"curies":[{"name":"wp","href":"https:\/\/api.w.org\/{rel}","templated":true}]}}