{"id":10602,"date":"2017-04-08T12:52:59","date_gmt":"2017-04-08T10:52:59","guid":{"rendered":"http:\/\/www.friedenkoeln.de\/?page_id=10602"},"modified":"2017-04-08T13:38:11","modified_gmt":"2017-04-08T11:38:11","slug":"teilnahmebedingungen","status":"publish","type":"page","link":"https:\/\/www.friedenkoeln.de\/?page_id=10602","title":{"rendered":"Teilnahmebedingungen"},"content":{"rendered":"<p>Teilnahmebedingungen:<\/p>\n<ul>\n<li>Ihr seid zwischen 6 und 18 Jahre alt.<\/li>\n<li>Ihr seid mindestens zu zweit.<\/li>\n<li>Ihr habt eine erwachsene Person (Lehrer*in, Oma, AG-Leitung &#8230;), die Euch w\u00e4hrend des Projektes betreut.<\/li>\n<li>Ihr meldet Euch rechtzeitig an und habt zum vereinbarten Termin Euer Kunstwerk fertig.<\/li>\n<li>Die Veranstalter des Wettbewerbs d\u00fcrfen Euer Kunstwerk dokumentieren und &#8211; mit Euren Namen &#8211; ver\u00f6ffentlichen.<\/li>\n<\/ul>\n<p>Habe ich ein Recht auf Teilnahme oder einen Preis?<\/p>\n<p>Nein! Wir setzen uns in unserer Freizeit f\u00fcr eine friedlichere Welt ein und wollen auch den Wettbewerb\u00a0so gut machen, wie wir k\u00f6nnen. Aber wir k\u00f6nnen nicht hundertprozentig garantieren, dass uns keine Fehler unterlaufen. Und nat\u00fcrlich k\u00f6nnen wir kein Recht auf Teilnahme oder Preisverleihung gegen uns gelten lassen. Wenn Ihr Euch aber ungerecht behandelt f\u00fchlt, dann sprecht uns bitte unbedingt an, damit wir gemeinsam \u00fcberlegen, ob wir\u00a0eine L\u00f6sung f\u00fcr das Problem finden.<\/p>\n","protected":false},"excerpt":{"rendered":"<p>Teilnahmebedingungen: Ihr seid zwischen 6 und 18 Jahre alt. Ihr seid mindestens zu zweit. Ihr habt eine erwachsene Person (Lehrer*in, Oma, AG-Leitung &#8230;), die Euch w\u00e4hrend des Projektes betreut. Ihr meldet Euch rechtzeitig an&#46;&#46;&#46;<\/p>\n","protected":false},"author":110,"featured_media":0,"parent":10500,"menu_order":2,"comment_status":"closed","ping_status":"closed","template":"","meta":{"footnotes":""},"class_list":["post-10602","page","type-page","status-publish","hentry"],"_links":{"self":[{"href":"https:\/\/www.friedenkoeln.de\/index.php?rest_route=\/wp\/v2\/pages\/10602","targetHints":{"allow":["GET"]}}],"collection":[{"href":"https:\/\/www.friedenkoeln.de\/index.php?rest_route=\/wp\/v2\/pages"}],"about":[{"href":"https:\/\/www.friedenkoeln.de\/index.php?rest_route=\/wp\/v2\/types\/page"}],"author":[{"embeddable":true,"href":"https:\/\/www.friedenkoeln.de\/index.php?rest_route=\/wp\/v2\/users\/110"}],"replies":[{"embeddable":true,"href":"https:\/\/www.friedenkoeln.de\/index.php?rest_route=%2Fwp%2Fv2%2Fcomments&post=10602"}],"version-history":[{"count":5,"href":"https:\/\/www.friedenkoeln.de\/index.php?rest_route=\/wp\/v2\/pages\/10602\/revisions"}],"predecessor-version":[{"id":10625,"href":"https:\/\/www.friedenkoeln.de\/index.php?rest_route=\/wp\/v2\/pages\/10602\/revisions\/10625"}],"up":[{"embeddable":true,"href":"https:\/\/www.friedenkoeln.de\/index.php?rest_route=\/wp\/v2\/pages\/10500"}],"wp:attachment":[{"href":"https:\/\/www.friedenkoeln.de\/index.php?rest_route=%2Fwp%2Fv2%2Fmedia&parent=10602"}],"curies":[{"name":"wp","href":"https:\/\/api.w.org\/{rel}","templated":true}]}}