{"id":10615,"date":"2017-04-08T13:41:48","date_gmt":"2017-04-08T11:41:48","guid":{"rendered":"http:\/\/www.friedenkoeln.de\/?page_id=10615"},"modified":"2017-11-19T23:24:00","modified_gmt":"2017-11-19T21:24:00","slug":"wer-sind-veranstalter-und-sponsoren","status":"publish","type":"page","link":"https:\/\/www.friedenkoeln.de\/?page_id=10615","title":{"rendered":"Wer sind Veranstalter und Sponsoren?"},"content":{"rendered":"<p>Die Veranstalter des Sch\u00fclerkunstwettbewerb Frieden 2017 sind:<\/p>\n<ul>\n<li>F\u00f6rderverein des K\u00f6lner Friedensforums e. V.<\/li>\n<li>Friedensbildungswerk K\u00f6ln e. V.<\/li>\n<li>Deutsche Friedensgesellschaft &#8211; Vereinigte KriegsdienstgegnerInnen e. V. (DFG-VK) Gruppe K\u00f6ln<\/li>\n<\/ul>\n<p>&nbsp;<\/p>\n<p><img loading=\"lazy\" decoding=\"async\" class=\"wp-image-9786 alignleft\" src=\"http:\/\/www.friedenkoeln.de\/wp-content\/uploads\/2016\/08\/Logo-DFG-VK-blau-quadratisch-Entwurf-1024x1024.jpg\" alt=\"\" width=\"144\" height=\"144\" srcset=\"https:\/\/www.friedenkoeln.de\/wp-content\/uploads\/2016\/08\/Logo-DFG-VK-blau-quadratisch-Entwurf-1024x1024.jpg 1024w, https:\/\/www.friedenkoeln.de\/wp-content\/uploads\/2016\/08\/Logo-DFG-VK-blau-quadratisch-Entwurf-150x150.jpg 150w, https:\/\/www.friedenkoeln.de\/wp-content\/uploads\/2016\/08\/Logo-DFG-VK-blau-quadratisch-Entwurf-320x320.jpg 320w, https:\/\/www.friedenkoeln.de\/wp-content\/uploads\/2016\/08\/Logo-DFG-VK-blau-quadratisch-Entwurf-768x768.jpg 768w, https:\/\/www.friedenkoeln.de\/wp-content\/uploads\/2016\/08\/Logo-DFG-VK-blau-quadratisch-Entwurf-956x956.jpg 956w, https:\/\/www.friedenkoeln.de\/wp-content\/uploads\/2016\/08\/Logo-DFG-VK-blau-quadratisch-Entwurf.jpg 1525w\" sizes=\"auto, (max-width: 144px) 100vw, 144px\" \/><\/p>\n<p><img loading=\"lazy\" decoding=\"async\" class=\"wp-image-10634 alignleft\" src=\"http:\/\/www.friedenkoeln.de\/wp-content\/uploads\/2017\/04\/KFF-Logo-2.jpg\" alt=\"\" width=\"105\" height=\"118\" \/><\/p>\n<p><a href=\"http:\/\/www.friedensbildungswerk.de\"><img loading=\"lazy\" decoding=\"async\" class=\"alignleft wp-image-10631\" src=\"http:\/\/www.friedenkoeln.de\/wp-content\/uploads\/2017\/04\/Friedensbildungswerk-Logo-blau.png\" alt=\"\" width=\"105\" height=\"157\" \/><\/a><\/p>\n<p>&nbsp;<\/p>\n<p>&nbsp;<\/p>\n<p>&nbsp;<\/p>\n<p>&nbsp;<\/p>\n<hr \/>\n<p>Wir danken unseren Unterst\u00fctzern und Sponsoren:<\/p>\n<p><img loading=\"lazy\" decoding=\"async\" class=\"wp-image-10633 alignright\" src=\"http:\/\/www.friedenkoeln.de\/wp-content\/uploads\/2017\/04\/BWLOGO.png\" alt=\"\" width=\"112\" height=\"123\" \/><\/p>\n<p><img loading=\"lazy\" decoding=\"async\" class=\"wp-image-11121 alignright\" src=\"http:\/\/www.friedenkoeln.de\/wp-content\/uploads\/2017\/04\/einherzlacht_end_print_schrift_im_Herz-1024x740.jpg\" alt=\"\" width=\"172\" height=\"124\" srcset=\"https:\/\/www.friedenkoeln.de\/wp-content\/uploads\/2017\/04\/einherzlacht_end_print_schrift_im_Herz-1024x740.jpg 1024w, https:\/\/www.friedenkoeln.de\/wp-content\/uploads\/2017\/04\/einherzlacht_end_print_schrift_im_Herz-768x555.jpg 768w\" sizes=\"auto, (max-width: 172px) 100vw, 172px\" \/><\/p>\n<ul>\n<li>B\u00fcrgerstiftung K\u00f6ln<\/li>\n<li>DFG-VK Bildungswerk NRW e. V.<\/li>\n<li>EIN HERZ LACHT Gemeinn\u00fctzige Stiftung<\/li>\n<li>Johannes Gerst\u00e4cker Verlag GmbH<\/li>\n<\/ul>\n<p>&nbsp;<\/p>\n<p><img loading=\"lazy\" decoding=\"async\" class=\"wp-image-11497 alignleft\" src=\"http:\/\/www.friedenkoeln.de\/wp-content\/uploads\/2017\/04\/g_Logo_pfade_druckoptimiert_mit-claim_12072013-1024x196.jpg\" alt=\"\" width=\"329\" height=\"63\" srcset=\"https:\/\/www.friedenkoeln.de\/wp-content\/uploads\/2017\/04\/g_Logo_pfade_druckoptimiert_mit-claim_12072013-1024x196.jpg 1024w, https:\/\/www.friedenkoeln.de\/wp-content\/uploads\/2017\/04\/g_Logo_pfade_druckoptimiert_mit-claim_12072013-768x147.jpg 768w, https:\/\/www.friedenkoeln.de\/wp-content\/uploads\/2017\/04\/g_Logo_pfade_druckoptimiert_mit-claim_12072013.jpg 2005w\" sizes=\"auto, (max-width: 329px) 100vw, 329px\" \/><img loading=\"lazy\" decoding=\"async\" class=\"wp-image-11122 alignright\" src=\"http:\/\/www.friedenkoeln.de\/wp-content\/uploads\/2017\/04\/headerB\u00fcrgerstiftung-K\u00f6ln.jpg\" alt=\"\" width=\"427\" height=\"96\" \/><\/p>\n<p>&nbsp;<\/p>\n","protected":false},"excerpt":{"rendered":"<p>Die Veranstalter des Sch\u00fclerkunstwettbewerb Frieden 2017 sind: F\u00f6rderverein des K\u00f6lner Friedensforums e. V. Friedensbildungswerk K\u00f6ln e. V. Deutsche Friedensgesellschaft &#8211; Vereinigte KriegsdienstgegnerInnen e. V. (DFG-VK) Gruppe K\u00f6ln &nbsp; &nbsp; &nbsp; &nbsp; &nbsp; Wir danken&#46;&#46;&#46;<\/p>\n","protected":false},"author":110,"featured_media":0,"parent":10500,"menu_order":9,"comment_status":"closed","ping_status":"closed","template":"","meta":{"footnotes":""},"class_list":["post-10615","page","type-page","status-publish","hentry"],"_links":{"self":[{"href":"https:\/\/www.friedenkoeln.de\/index.php?rest_route=\/wp\/v2\/pages\/10615","targetHints":{"allow":["GET"]}}],"collection":[{"href":"https:\/\/www.friedenkoeln.de\/index.php?rest_route=\/wp\/v2\/pages"}],"about":[{"href":"https:\/\/www.friedenkoeln.de\/index.php?rest_route=\/wp\/v2\/types\/page"}],"author":[{"embeddable":true,"href":"https:\/\/www.friedenkoeln.de\/index.php?rest_route=\/wp\/v2\/users\/110"}],"replies":[{"embeddable":true,"href":"https:\/\/www.friedenkoeln.de\/index.php?rest_route=%2Fwp%2Fv2%2Fcomments&post=10615"}],"version-history":[{"count":9,"href":"https:\/\/www.friedenkoeln.de\/index.php?rest_route=\/wp\/v2\/pages\/10615\/revisions"}],"predecessor-version":[{"id":11501,"href":"https:\/\/www.friedenkoeln.de\/index.php?rest_route=\/wp\/v2\/pages\/10615\/revisions\/11501"}],"up":[{"embeddable":true,"href":"https:\/\/www.friedenkoeln.de\/index.php?rest_route=\/wp\/v2\/pages\/10500"}],"wp:attachment":[{"href":"https:\/\/www.friedenkoeln.de\/index.php?rest_route=%2Fwp%2Fv2%2Fmedia&parent=10615"}],"curies":[{"name":"wp","href":"https:\/\/api.w.org\/{rel}","templated":true}]}}