{"id":10707,"date":"2017-05-01T10:05:21","date_gmt":"2017-05-01T08:05:21","guid":{"rendered":"http:\/\/www.friedenkoeln.de\/?page_id=10707"},"modified":"2017-05-01T12:59:35","modified_gmt":"2017-05-01T10:59:35","slug":"fuer-erwachsene","status":"publish","type":"page","link":"https:\/\/www.friedenkoeln.de\/?page_id=10707","title":{"rendered":"F\u00fcr Erwachsene"},"content":{"rendered":"<p>Weiterf\u00fchrende Anregungen und Material f\u00fcr die Friedensbildung im Unterricht, sowie Kontaktadressen finden sich beispielsweise auf diesen Seiten:<\/p>\n<p><a href=\"https:\/\/www.frieden-fragen.de\">Frieden-Fragen. Gemeinsam Frieden erleben.<\/a><\/p>\n<p><a href=\"http:\/\/friedensbildung-schule.de\">Friedensbildung Schule. Friede will gelernt sein.<\/a><\/p>\n<p><a href=\"http:\/\/friedenspaedagogik.de\/index.php?\/ift\/materialien\/krieg_und_frieden\/kinder_machen_frieden\">Kinder machen Frieden. Materialien f\u00fcr den Sozialen Tag in der Grundschule.\u00a0<\/a><\/p>\n","protected":false},"excerpt":{"rendered":"<p>Weiterf\u00fchrende Anregungen und Material f\u00fcr die Friedensbildung im Unterricht, sowie Kontaktadressen finden sich beispielsweise auf diesen Seiten: Frieden-Fragen. Gemeinsam Frieden erleben. Friedensbildung Schule. Friede will gelernt sein. Kinder machen Frieden. Materialien f\u00fcr den Sozialen&#46;&#46;&#46;<\/p>\n","protected":false},"author":110,"featured_media":0,"parent":10500,"menu_order":9,"comment_status":"closed","ping_status":"closed","template":"","meta":{"footnotes":""},"class_list":["post-10707","page","type-page","status-publish","hentry"],"_links":{"self":[{"href":"https:\/\/www.friedenkoeln.de\/index.php?rest_route=\/wp\/v2\/pages\/10707","targetHints":{"allow":["GET"]}}],"collection":[{"href":"https:\/\/www.friedenkoeln.de\/index.php?rest_route=\/wp\/v2\/pages"}],"about":[{"href":"https:\/\/www.friedenkoeln.de\/index.php?rest_route=\/wp\/v2\/types\/page"}],"author":[{"embeddable":true,"href":"https:\/\/www.friedenkoeln.de\/index.php?rest_route=\/wp\/v2\/users\/110"}],"replies":[{"embeddable":true,"href":"https:\/\/www.friedenkoeln.de\/index.php?rest_route=%2Fwp%2Fv2%2Fcomments&post=10707"}],"version-history":[{"count":3,"href":"https:\/\/www.friedenkoeln.de\/index.php?rest_route=\/wp\/v2\/pages\/10707\/revisions"}],"predecessor-version":[{"id":10710,"href":"https:\/\/www.friedenkoeln.de\/index.php?rest_route=\/wp\/v2\/pages\/10707\/revisions\/10710"}],"up":[{"embeddable":true,"href":"https:\/\/www.friedenkoeln.de\/index.php?rest_route=\/wp\/v2\/pages\/10500"}],"wp:attachment":[{"href":"https:\/\/www.friedenkoeln.de\/index.php?rest_route=%2Fwp%2Fv2%2Fmedia&parent=10707"}],"curies":[{"name":"wp","href":"https:\/\/api.w.org\/{rel}","templated":true}]}}