{"id":10849,"date":"2017-05-21T19:28:57","date_gmt":"2017-05-21T17:28:57","guid":{"rendered":"http:\/\/www.friedenkoeln.de\/?page_id=10849"},"modified":"2017-08-25T18:57:01","modified_gmt":"2017-08-25T16:57:01","slug":"mitmachen","status":"publish","type":"page","link":"https:\/\/www.friedenkoeln.de\/?page_id=10849","title":{"rendered":"Mitmachen!"},"content":{"rendered":"<p>Wir unterst\u00fctzen folgende Aktionen und Aufrufe:<\/p>\n<p><a href=\"http:\/\/www.friedenkoeln.de\/?page_id=10500\">Sch\u00fclerkunstwettbewerb Frieden 2017<\/a><\/p>\n<p><a href=\"http:\/\/www.aufschrei-waffenhandel.de\">Aktion Aufschrei. Stoppt den Waffenhandel!\u00a0<\/a><\/p>\n<p><a href=\"https:\/\/www.friedenskooperative.de\/petition\/nein-zum-bundeswehreinsatz-in-syrien\">Nein zum Bundeswehreinsatz in Syrien! Ja zu zivilen L\u00f6sungen!<\/a><\/p>\n<p><a href=\"https:\/\/buechel-atombombenfrei.jimdo.com\">B\u00fcchel ist \u00fcberall &#8211; atomwaffenfrei jetzt!<\/a><\/p>\n<p><a href=\"http:\/\/neue-entspannungspolitik.berlin\/aufruf\/\">Die Spirale der Gewalt beenden \u2013 f\u00fcr eine neue Friedens- und Entspannungspolitik jetzt!<\/a><\/p>\n<p><a href=\"http:\/\/www.schule-ohne-bundeswehr-nrw.de\/das-netzwerk\/\">Schule ohne Bundeswehr NRW<\/a><\/p>\n<p><a href=\"http:\/\/www.friedenserklaerung.org\">Friedenserkl\u00e4rung &#8222;Wir weigern uns, Feinde zu sein und andere Menschen zu t\u00f6ten! Wenn unsere Regierung Krieg f\u00fchrt, dann nicht in meinem Namen.&#8220;<\/a><\/p>\n<p><a href=\"http:\/\/www.uranmunition.org\/\">Deutsche Koalition zur \u00c4chtung von Uranmunition (ICBUW Deutschland)<\/a><\/p>\n<p><a href=\"https:\/\/drohnen-kampagne.de\/\">Kampagne gegen Drohnen<\/a><\/p>\n<p><a href=\"http:\/\/www.ostermarsch-ruhr.de\/index.html\">Ostermarsch Rhein-Ruhr<\/a><\/p>\n<p><a href=\"https:\/\/www.ramstein-kampagne.eu\">Stopp Air Base Ramstein &#8211; keinen Drohnenkrieg!<\/a><\/p>\n<p>&nbsp;<\/p>\n<p>Auch die Unterschrift unter eine Petition oder eine noch so kleine Spende sind viel wert &#8211; jede Unterst\u00fctzung hilft weiter! Vielen Dank!<\/p>\n","protected":false},"excerpt":{"rendered":"<p>Wir unterst\u00fctzen folgende Aktionen und Aufrufe: Sch\u00fclerkunstwettbewerb Frieden 2017 Aktion Aufschrei. Stoppt den Waffenhandel!\u00a0 Nein zum Bundeswehreinsatz in Syrien! Ja zu zivilen L\u00f6sungen! B\u00fcchel ist \u00fcberall &#8211; atomwaffenfrei jetzt! Die Spirale der Gewalt beenden&#46;&#46;&#46;<\/p>\n","protected":false},"author":110,"featured_media":0,"parent":0,"menu_order":4,"comment_status":"closed","ping_status":"closed","template":"","meta":{"footnotes":""},"class_list":["post-10849","page","type-page","status-publish","hentry"],"_links":{"self":[{"href":"https:\/\/www.friedenkoeln.de\/index.php?rest_route=\/wp\/v2\/pages\/10849","targetHints":{"allow":["GET"]}}],"collection":[{"href":"https:\/\/www.friedenkoeln.de\/index.php?rest_route=\/wp\/v2\/pages"}],"about":[{"href":"https:\/\/www.friedenkoeln.de\/index.php?rest_route=\/wp\/v2\/types\/page"}],"author":[{"embeddable":true,"href":"https:\/\/www.friedenkoeln.de\/index.php?rest_route=\/wp\/v2\/users\/110"}],"replies":[{"embeddable":true,"href":"https:\/\/www.friedenkoeln.de\/index.php?rest_route=%2Fwp%2Fv2%2Fcomments&post=10849"}],"version-history":[{"count":9,"href":"https:\/\/www.friedenkoeln.de\/index.php?rest_route=\/wp\/v2\/pages\/10849\/revisions"}],"predecessor-version":[{"id":10853,"href":"https:\/\/www.friedenkoeln.de\/index.php?rest_route=\/wp\/v2\/pages\/10849\/revisions\/10853"}],"wp:attachment":[{"href":"https:\/\/www.friedenkoeln.de\/index.php?rest_route=%2Fwp%2Fv2%2Fmedia&parent=10849"}],"curies":[{"name":"wp","href":"https:\/\/api.w.org\/{rel}","templated":true}]}}