{"id":11225,"date":"2017-08-25T20:22:58","date_gmt":"2017-08-25T18:22:58","guid":{"rendered":"http:\/\/www.friedenkoeln.de\/?page_id=11225"},"modified":"2018-08-01T14:49:02","modified_gmt":"2018-08-01T12:49:02","slug":"bertha-von-suttner","status":"publish","type":"page","link":"https:\/\/www.friedenkoeln.de\/?page_id=11225","title":{"rendered":"Bertha von Suttner"},"content":{"rendered":"<div id=\"attachment_12106\" style=\"width: 177px\" class=\"wp-caption alignright\"><a href=\"http:\/\/www.friedenkoeln.de\/wp-content\/uploads\/2018\/04\/Bertha-von-Suttner-1906.jpg\" data-rel=\"lightbox-image-0\" data-rl_title=\"\" data-rl_caption=\"\" title=\"\"><img loading=\"lazy\" decoding=\"async\" aria-describedby=\"caption-attachment-12106\" class=\" wp-image-12106\" src=\"http:\/\/www.friedenkoeln.de\/wp-content\/uploads\/2018\/04\/Bertha-von-Suttner-1906.jpg\" alt=\"Die Schwarzwei\u00dffotographie zeigt eine junge, etwas korpulente, h\u00fcbsche Frau, die ernst in die Kamera blickt. Sie tr\u00e4gt ein dunkles Kleid mit weiten \u00c4rmeln und eine dunkle Kopfbedeckung mit einer Art schmalen Schleier, der \u00fcber Hinterkopf und R\u00fccken herabf\u00e4llt.\" width=\"167\" height=\"227\" \/><\/a><p id=\"caption-attachment-12106\" class=\"wp-caption-text\">Bertha von Suttner (1906). Foto: Carl Pietzner<\/p><\/div>\n<p>Die Friedensnobelpreistr\u00e4gerin Bertha von Suttner (1843 &#8211; 1914) ist eine der Gr\u00fcnder*innen der Deutschen Friedensgesellschaft. Edith Stohl hat\u00a0ihre faszinierende Pers\u00f6nlichkeit und ihr unerm\u00fcdliches Engagement f\u00fcr den Frieden in einem Dokumentarfilm des \u00d6RF nachgezeichnet: &#8222;Bertha von Suttner. Friedensnobelpreistr\u00e4gerin aus \u00d6sterreich&#8220;. Der Film ist unter verschiedenen Accounts auf YouTube zu finden.<\/p>\n<p>In dem 2014 ver\u00f6ffentlichten Artikel &#8222;<a href=\"http:\/\/www.friedenkoeln.de\/wp-content\/uploads\/2018\/04\/Guido-Gr\u00fcnewald_Der-bewaffnete-Friede-ist-bankerott_Bertha-von-Suttner-und-der-gro\u00dfe-Krieg_2014_FP-41-42-GR\u00dcNEWALD-72dpi.pdf\">&#8218;Der bewaffnete Friede ist bankerott.&#8216; Bertha von Suttner, ihre MitstreiterInnen und der gro\u00dfe Krieg<\/a>&#8220; beschreibt Guido Gr\u00fcnewald, mit welchen Argumenten und Aktionen die sp\u00e4tere Friedensnobelpreistr\u00e4gerin und andere Pazifist*innen wie Alfred Herrmann Fried und Ludwig Quidde in der Deutschen Friedensgesellschaft und anderen Organisationen vor 1914 &#8211; vergeblich &#8211; f\u00fcr die Abwendung des drohenden Kriegs k\u00e4mpften. Bei aller Ern\u00fcchterung dar\u00fcber, dass der Erste Weltkrieg nicht verhindert wurde, hebt Gr\u00fcnewald das Zukunftweisende der Arbeit der Pazifist*innen hervor:<\/p>\n<blockquote><p>[Die] PazifistInnen [haben] das damals weitverbreitete Dogma vom unvermeidlichen Krieg in Frage gestellt, sie haben darauf gepocht, dass Kriege von Menschen gemacht werden, dass der Krieg eine von Menschen geschaffene Einrichtung ist und daher abgeschafft werden kann, weil K\u00e4mpfe und Konflikte mit anderen Mitteln ausgetragen und gel\u00f6st werden k\u00f6nnen. Die PazifistInnen haben neue &#8211; damals noch utopisch erscheinende &#8211; Alternativen zu vorherrschenden Denkmustern aufgezeigt und damit f\u00fcr die Zukunft alternative Entwicklungspfade ge\u00f6ffnet (&#8230;)<\/p><\/blockquote>\n<p>In Den Haag wurde 2018 der 175-j\u00e4hrige Geburtstag Bertha von Suttners gefeiert &#8211; unter anderem mit Unterst\u00fctzung der dortigen \u00f6sterreichischen Botschaft und Gru\u00dfworten des franz\u00f6sischen Staatspr\u00e4sidenten Macron und des Pr\u00e4sidenten des Europaparlaments Antonio Tajani. Guido Gr\u00fcnewald <a href=\"http:\/\/www.friedenkoeln.de\/wp-content\/uploads\/2018\/08\/Guido-Gr\u00fcnewald_Aus-der-Gewaltspirale-ausbrechen_BvS-175-Jahre-in-Den-Haag_ZC-4-2018.pdf\">berichtete<\/a> dar\u00fcber in unserer Verbandszeitschrift Zivilcourage 4\/2018.<\/p>\n","protected":false},"excerpt":{"rendered":"<p>Die Friedensnobelpreistr\u00e4gerin Bertha von Suttner (1843 &#8211; 1914) ist eine der Gr\u00fcnder*innen der Deutschen Friedensgesellschaft. Edith Stohl hat\u00a0ihre faszinierende Pers\u00f6nlichkeit und ihr unerm\u00fcdliches Engagement f\u00fcr den Frieden in einem Dokumentarfilm des \u00d6RF nachgezeichnet: &#8222;Bertha&#46;&#46;&#46;<\/p>\n","protected":false},"author":110,"featured_media":0,"parent":7938,"menu_order":1,"comment_status":"closed","ping_status":"closed","template":"","meta":{"footnotes":""},"class_list":["post-11225","page","type-page","status-publish","hentry"],"_links":{"self":[{"href":"https:\/\/www.friedenkoeln.de\/index.php?rest_route=\/wp\/v2\/pages\/11225","targetHints":{"allow":["GET"]}}],"collection":[{"href":"https:\/\/www.friedenkoeln.de\/index.php?rest_route=\/wp\/v2\/pages"}],"about":[{"href":"https:\/\/www.friedenkoeln.de\/index.php?rest_route=\/wp\/v2\/types\/page"}],"author":[{"embeddable":true,"href":"https:\/\/www.friedenkoeln.de\/index.php?rest_route=\/wp\/v2\/users\/110"}],"replies":[{"embeddable":true,"href":"https:\/\/www.friedenkoeln.de\/index.php?rest_route=%2Fwp%2Fv2%2Fcomments&post=11225"}],"version-history":[{"count":11,"href":"https:\/\/www.friedenkoeln.de\/index.php?rest_route=\/wp\/v2\/pages\/11225\/revisions"}],"predecessor-version":[{"id":12591,"href":"https:\/\/www.friedenkoeln.de\/index.php?rest_route=\/wp\/v2\/pages\/11225\/revisions\/12591"}],"up":[{"embeddable":true,"href":"https:\/\/www.friedenkoeln.de\/index.php?rest_route=\/wp\/v2\/pages\/7938"}],"wp:attachment":[{"href":"https:\/\/www.friedenkoeln.de\/index.php?rest_route=%2Fwp%2Fv2%2Fmedia&parent=11225"}],"curies":[{"name":"wp","href":"https:\/\/api.w.org\/{rel}","templated":true}]}}