{"id":11265,"date":"2017-08-31T21:50:01","date_gmt":"2017-08-31T19:50:01","guid":{"rendered":"http:\/\/www.friedenkoeln.de\/?page_id=11265"},"modified":"2017-11-30T23:17:22","modified_gmt":"2017-11-30T21:17:22","slug":"presse","status":"publish","type":"page","link":"https:\/\/www.friedenkoeln.de\/?page_id=11265","title":{"rendered":"Digitale Pressemappe"},"content":{"rendered":"<h5>Fotos und Logos<\/h5>\n<p><a href=\"http:\/\/www.friedenkoeln.de\/?page_id=10609\">Fotos der Jury-Mitglieder<\/a>, die <a href=\"http:\/\/www.friedenkoeln.de\/?page_id=10615\">Logos der Veranstalter und Sponsoren<\/a>\u00a0und die <a href=\"http:\/\/www.friedenkoeln.de\/?page_id=10500\">Wettbewerbsgrafik<\/a> d\u00fcrfen Sie kostenlos f\u00fcr Ihre Berichterstattung \u00fcber den Kunstwettbewerb Frieden im Sinne der Veranstalter verwenden, wenn Sie die jeweiligen Copyright-Informationen, bzw. Namen der jeweiligen Veranstalter und Sponsoren angeben.<\/p>\n<h5>Hauptgewinn: ein Wochenende auf dem Gut Alte Heide<\/h5>\n<p>Die Gemeinn\u00fctzige Stiftung EIN HERZ LACHT, Troisdorf hat den Hauptgewinn gestiftet: ein Wochenende auf dem <a href=\"http:\/\/www.gutalteheide.de\/herz-gut\/\">Gut Alte Heide<\/a> bei Wermelskirchen. Die Stiftung kommt nicht nur f\u00fcr Kost und Logis des Gewinner-Teams auf, sondern bietet &#8211; je nach Zusammensetzung und W\u00fcnschen der Gewinnergruppe &#8211; auch noch ein passendes Programm an.<\/p>\n<h5>Zitat eines Sponsors<\/h5>\n<p>Ein Sprecher der Gemeinn\u00fctzigen Stiftung EIN HERZ LACHT, Troisdorf:<\/p>\n<blockquote><p>Die kreative Auseinandersetzung mit den Themen Frieden und Pazifismus soll junge Menschen dazu anregen, sich Gedanken \u00fcber ihre Welt zu machen.<\/p>\n<p>Wir unterst\u00fctzen das Projekt sehr gerne, weil die F\u00f6rderung der Entwicklung von Wertevorstellungen bei Kindern und Jugendlichen einen wesentlichen Eckpfeiler des Stiftungshandelns darstellt.<\/p><\/blockquote>\n<h5>Zitate von Jury-Mitgliedern<\/h5>\n<p>Markus Fr\u00f6hlich:<\/p>\n<blockquote><p>Ich bin Mitglied der Jury, weil ich es f\u00fcr eine entscheidend wichtige Aufgabe der Friedensbewegung halte, die junge Generation dazu anzuregen, sich mit Frieden und Pazifismus konstruktiv auseinanderzusetzen.<\/p><\/blockquote>\n<p>Prof. Dr. Lilian Haberer:<\/p>\n<blockquote><p>Den gemeinschaftlichen Einsatz f\u00fcr eine friedliche Zukunft halte ich f\u00fcr die grundlegendste, aber auch gr\u00f6\u00dfte Herausforderung unserer Zeit. Dabei m\u00f6chte ich vor allem die Initiative unterst\u00fctzen, Kindern eine k\u00fcnstlerische Auseinandersetzung mit dem Thema in Teams zu erm\u00f6glichen.<\/p><\/blockquote>\n<p>Hanna Parnow:<\/p>\n<blockquote>\n<div>Ich unterst\u00fctze den Wettbewerb auch als Mediatorin gern. Mir ist wichtig, dass sich junge Menschen kreativ mit dem Thema &#8222;Frieden&#8220; auseinandersetzen, um alternative Ans\u00e4tze zu entwickeln, wie sie Konflikte in dieser politisch schwierigen Zeit verhindern, handhaben oder l\u00f6sen k\u00f6nnen.<\/div>\n<\/blockquote>\n<div>Bianka Mieskes:<\/div>\n<blockquote>\n<div>\n<p>Frieden in uns selbst, mit unseren Mitmenschen und zwischen den L\u00e4ndern ist eine Grundvoraussetzung f\u00fcr ein gl\u00fcckliches Leben.<\/p>\n<p>Dieser Frieden wird t\u00e4glich vor neue Herausforderungen gestellt und muss immer wieder neu gesucht und verhandelt werden.<\/p>\n<p>Frieden beginnt in unseren Herzen. Die Kunst kann ein Weg sein zu innerem Frieden, Ideen und Werte in die Welt hinaus tragen und andere Menschen inspirieren.<\/p>\n<\/div>\n<\/blockquote>\n<h5>Beruflicher Hintergrund der Jury-Mitglieder<\/h5>\n<p>Markus Fr\u00f6hlich:<\/p>\n<p style=\"padding-left: 30px;\">Lehrer f\u00fcr Geschichte und Englisch am Abendgymnasium Siegburg. Lehrerfahrung an Grund- und weiterf\u00fchrenden Schulen im In- und Ausland (Gro\u00dfbritannien und Australien).<\/p>\n<p style=\"padding-left: 30px;\">Mitglied der DFG-VK, aktiv in der Ortsgruppe K\u00f6ln<\/p>\n<p>Prof. Dr. Lilian Haberer:<\/p>\n<p style=\"padding-left: 30px;\">Lilian Haberer ist seit April 2016 als Vertretungsprofessorin f\u00fcr Kunstgeschichte im medialen Kontext an der Kunsthochschule f\u00fcr Medien K\u00f6ln t\u00e4tig.<\/p>\n<p>Richard Klasen:<\/p>\n<p style=\"padding-left: 30px;\">Referent Agenda 2030 und Friedenspolitik, Forum Ziviler Friedensdienst e. V. (forumZFD)<\/p>\n<p style=\"padding-left: 30px;\"><a href=\"http:\/\/www.forumzfd.de\/ueberuns\/staff\">http:\/\/www.forumzfd.de\/ueberuns\/staff\u00a0<\/a><\/p>\n<p>Bianka Mieskes (aktualisiert am 22.11.2017):<\/p>\n<p style=\"padding-left: 30px;\">K\u00fcnstlerische Mitarbeiterin im Fachbereich\u00a0Bildende Kunst der\u00a0Alanus Hochschule f\u00fcr Kunst und Gesellschaft in Alfter. Unterrichtet und arbeitet im Bereich\u00a0Bildhauerei\/ Installation\/ Neue Medien. Zahlreiche Ausstellungen im In- und Ausland.<\/p>\n<p>Hanna Parnow:<\/p>\n<p style=\"padding-left: 30px;\">Wirtschaftspsychologin, Mediatorin, Psychologische Beraterin.<\/p>\n<section id=\"content\" style=\"padding-left: 30px;\">Lehrbeauftragte Genderkompetenz f\u00fcr Soziale Arbeit an der<br \/>\nFachhochschule K\u00f6ln.\u00a0Unternehmensberatung mit Schwerpunkt Personalentwicklung.\u00a0Lehrauftrag, Coachings, Vortr\u00e4ge und Workshops zum Thema\u00a0&#8222;Gewaltfreie Kommunikation&#8220; nach Rosenberg.<\/section>\n<footer><\/footer>\n<p style=\"padding-left: 30px;\"><a href=\"http:\/\/hanna-parnow.de\">http:\/\/hanna-parnow.de\u00a0<\/a><\/p>\n<hr \/>\n<p><a href=\"http:\/\/www.friedenkoeln.de\/wp-content\/uploads\/2017\/08\/PM_KFF-FBK-DFG-VK-K_Sch\u00fclerkunstwettbewerb-Frieden_20180918_kurz_final.pdf\">Pressemitteilung vom 18. September 2017 (kurz)<\/a><\/p>\n<hr \/>\n<p><a href=\"http:\/\/www.friedenkoeln.de\/wp-content\/uploads\/2017\/08\/PM_KFF-FBK-DFG-VK-K_Sch\u00fclerkunstwettbewerb-Frieden_20180918_final.pdf\">Pressemitteilung vom 18. September 2017 (lang)<\/a><\/p>\n<hr \/>\n<p><a href=\"http:\/\/www.friedenkoeln.de\/?p=11274\">Pressemitteilung vom 1. September 2017<\/a><\/p>\n<hr \/>\n<p><a href=\"http:\/\/www.friedenkoeln.de\/?p=10725\">Pressemitteilung vom 4. Mai 2017<\/a><\/p>\n","protected":false},"excerpt":{"rendered":"<p>Fotos und Logos Fotos der Jury-Mitglieder, die Logos der Veranstalter und Sponsoren\u00a0und die Wettbewerbsgrafik d\u00fcrfen Sie kostenlos f\u00fcr Ihre Berichterstattung \u00fcber den Kunstwettbewerb Frieden im Sinne der Veranstalter verwenden, wenn Sie die jeweiligen Copyright-Informationen,&#46;&#46;&#46;<\/p>\n","protected":false},"author":110,"featured_media":0,"parent":10500,"menu_order":12,"comment_status":"closed","ping_status":"closed","template":"","meta":{"footnotes":""},"class_list":["post-11265","page","type-page","status-publish","hentry"],"_links":{"self":[{"href":"https:\/\/www.friedenkoeln.de\/index.php?rest_route=\/wp\/v2\/pages\/11265","targetHints":{"allow":["GET"]}}],"collection":[{"href":"https:\/\/www.friedenkoeln.de\/index.php?rest_route=\/wp\/v2\/pages"}],"about":[{"href":"https:\/\/www.friedenkoeln.de\/index.php?rest_route=\/wp\/v2\/types\/page"}],"author":[{"embeddable":true,"href":"https:\/\/www.friedenkoeln.de\/index.php?rest_route=\/wp\/v2\/users\/110"}],"replies":[{"embeddable":true,"href":"https:\/\/www.friedenkoeln.de\/index.php?rest_route=%2Fwp%2Fv2%2Fcomments&post=11265"}],"version-history":[{"count":18,"href":"https:\/\/www.friedenkoeln.de\/index.php?rest_route=\/wp\/v2\/pages\/11265\/revisions"}],"predecessor-version":[{"id":11553,"href":"https:\/\/www.friedenkoeln.de\/index.php?rest_route=\/wp\/v2\/pages\/11265\/revisions\/11553"}],"up":[{"embeddable":true,"href":"https:\/\/www.friedenkoeln.de\/index.php?rest_route=\/wp\/v2\/pages\/10500"}],"wp:attachment":[{"href":"https:\/\/www.friedenkoeln.de\/index.php?rest_route=%2Fwp%2Fv2%2Fmedia&parent=11265"}],"curies":[{"name":"wp","href":"https:\/\/api.w.org\/{rel}","templated":true}]}}