{"id":13123,"date":"2018-12-07T16:42:10","date_gmt":"2018-12-07T14:42:10","guid":{"rendered":"http:\/\/www.friedenkoeln.de\/?page_id=13123"},"modified":"2019-09-18T15:53:46","modified_gmt":"2019-09-18T13:53:46","slug":"koelner-aktionsbuendnis","status":"publish","type":"page","link":"https:\/\/www.friedenkoeln.de\/?page_id=13123","title":{"rendered":"K\u00f6lner Aktionsb\u00fcndnis"},"content":{"rendered":"<p>Seit 2018 arbeitet ein B\u00fcndnis K\u00f6lner professioneller und ehrenamtlicher Organisationen daran, die Rekrutierung Minderj\u00e4hriger durch die Bundeswehr zu thematisieren. Ziel ist es, daran mitzuwirken, diese Praxis zu beenden:<\/p>\n<p><a href=\"http:\/\/www.friedenkoeln.de\/wp-content\/uploads\/2018\/12\/K\u00f6lner-Aktionsb\u00fcndnis-Red-Hand-Day_Einladung-zur-Zusammenarbeit_20181205.pdf\">Einladung zur Zusammenarbeit f\u00fcr interessierte Organisationen<\/a>.<\/p>\n<p>In K\u00f6ln wollen wir die Jugendlichen selbst, ihre Eltern und Lehrer*innen besser \u00fcber die aktuelle Situation und die Hintergr\u00fcnde informieren. In den Schulen und Jugendeinrichtungen, der Eltern- und Lehrerschaft, aber auch allgemein in der K\u00f6lner Stadtgesellschaft und ihren gesellschaftspolitisch aktiven Institutionen und Verb\u00e4nden regen wir eine kritische Diskussion \u00fcber den Einsatz Minderj\u00e4hriger durch die Bundeswehr, ihre Folgen und m\u00f6gliche Alternativen an.<\/p>\n<p>Wir fordern:<\/p>\n<ol>\n<li>Rekrutierung Minderj\u00e4hriger durch die Bundeswehr stoppen, Erh\u00f6hung des Mindestalters f\u00fcr Rekrutierung auf 18 Jahre.<\/li>\n<li>Werbung der Bundeswehr, die sich gezielt an Minderj\u00e4hrige richtet, stoppen: an Schulen, in Jugendmedien, auf Jugendseiten im Internet, bei Sport-, Abenteuer- und Musikveranstaltungen f\u00fcr Minderj\u00e4hrige etc.<\/li>\n<\/ol>\n<p>Folgende Organisationen kooperieren jetzt bereits:<\/p>\n<ul>\n<li><a href=\"https:\/\/www.friedenkoeln.de\/\">Deutsche Friedensgesellschaft \u2013 Vereinigte KriesgdienstgegnerInnen e. V. (DFG-VK) Gruppe K\u00f6ln<\/a><\/li>\n<li><a href=\"https:\/\/www.esr-online.de\/\">Evangelische Sch\u00fcler*- und Sch\u00fclerinnen*arbeit im Rheinland e. V.<\/a><\/li>\n<li><a href=\"http:\/\/www.gew-koeln.de\/\">Gewerkschaft Erziehung und Wissenschaft Stadtverband K\u00f6ln<\/a> (<a href=\"http:\/\/www.gew-koeln.de\/\">http:\/\/www.gew-koeln.de\/<\/a>)<\/li>\n<li><a href=\"https:\/\/www.koeln.paxchristi.de\/page\/view\/5244419410231296\/pax%20christi-Gruppe%20K\u00f6ln\">pax christi-Gruppe K\u00f6ln<\/a><\/li>\n<li><a href=\"https:\/\/www.tdh-ag.de\/koeln.html\">terre des hommes Ortsgruppe K\u00f6ln<\/a><\/li>\n<li><a href=\"https:\/\/quaeker.org\/bezirke\/rhein-ruhr\/\">Religi\u00f6se Gesellschaft der Freunde (Qu\u00e4ker), Bezirk Rhein-Ruhr<\/a><\/li>\n<\/ul>\n<p>Das B\u00fcndnis ist offen f\u00fcr weitere K\u00f6lner Gruppen und Organisationen, welche<\/p>\n<ul>\n<li>die beiden Forderungen vorbehaltlos unterst\u00fctzen und<\/li>\n<li>bereit sind, eigene organisatorische, intellektuelle oder finanzielle Beitr\u00e4ge (nach Bedarf und Selbsteinsch\u00e4tzung) f\u00fcr die Umsetzung der beschriebenen Forderungen zu leisten.<\/li>\n<\/ul>\n<p>Interessenten m\u00f6chten sich bitte bei der Sprecherin des B\u00fcndnisses melden:<\/p>\n<p>Stefanie Intveen<br \/>\nc\/o Friedensbildungswerk K\u00f6ln<br \/>\nObenmarspforten 7-11<br \/>\n50667 K\u00f6ln<br \/>\nstefanie.intveen@web.de<br \/>\nTel.: 0151 56094920<\/p>\n","protected":false},"excerpt":{"rendered":"<p>Seit 2018 arbeitet ein B\u00fcndnis K\u00f6lner professioneller und ehrenamtlicher Organisationen daran, die Rekrutierung Minderj\u00e4hriger durch die Bundeswehr zu thematisieren. Ziel ist es, daran mitzuwirken, diese Praxis zu beenden: Einladung zur Zusammenarbeit f\u00fcr interessierte Organisationen.&#46;&#46;&#46;<\/p>\n","protected":false},"author":110,"featured_media":0,"parent":13108,"menu_order":1,"comment_status":"closed","ping_status":"closed","template":"","meta":{"footnotes":""},"class_list":["post-13123","page","type-page","status-publish","hentry"],"_links":{"self":[{"href":"https:\/\/www.friedenkoeln.de\/index.php?rest_route=\/wp\/v2\/pages\/13123","targetHints":{"allow":["GET"]}}],"collection":[{"href":"https:\/\/www.friedenkoeln.de\/index.php?rest_route=\/wp\/v2\/pages"}],"about":[{"href":"https:\/\/www.friedenkoeln.de\/index.php?rest_route=\/wp\/v2\/types\/page"}],"author":[{"embeddable":true,"href":"https:\/\/www.friedenkoeln.de\/index.php?rest_route=\/wp\/v2\/users\/110"}],"replies":[{"embeddable":true,"href":"https:\/\/www.friedenkoeln.de\/index.php?rest_route=%2Fwp%2Fv2%2Fcomments&post=13123"}],"version-history":[{"count":9,"href":"https:\/\/www.friedenkoeln.de\/index.php?rest_route=\/wp\/v2\/pages\/13123\/revisions"}],"predecessor-version":[{"id":14157,"href":"https:\/\/www.friedenkoeln.de\/index.php?rest_route=\/wp\/v2\/pages\/13123\/revisions\/14157"}],"up":[{"embeddable":true,"href":"https:\/\/www.friedenkoeln.de\/index.php?rest_route=\/wp\/v2\/pages\/13108"}],"wp:attachment":[{"href":"https:\/\/www.friedenkoeln.de\/index.php?rest_route=%2Fwp%2Fv2%2Fmedia&parent=13123"}],"curies":[{"name":"wp","href":"https:\/\/api.w.org\/{rel}","templated":true}]}}