{"id":13133,"date":"2018-12-07T17:11:11","date_gmt":"2018-12-07T15:11:11","guid":{"rendered":"http:\/\/www.friedenkoeln.de\/?page_id=13133"},"modified":"2020-01-30T23:56:21","modified_gmt":"2020-01-30T21:56:21","slug":"aktionen","status":"publish","type":"page","link":"https:\/\/www.friedenkoeln.de\/?page_id=13133","title":{"rendered":"Briefe an Schulen"},"content":{"rendered":"<p>Das K\u00f6lner Aktionsb\u00fcndnis gegen die Rekrutierung Minderj\u00e4hriger durch die Bundeswehr hat im September 2018 die meisten weiterf\u00fchrenden Schulen in K\u00f6ln angeschrieben. Hier ist unser <a href=\"http:\/\/www.friedenkoeln.de\/wp-content\/uploads\/2018\/12\/K\u00f6lner-Aktionsb\u00fcndnis-Red-Hand-Day-a-Leitungen-K\u00f6lner-Schulen-Sek-III_Brief_20180917.pdf\">Brief<\/a>.<\/p>\n<p>Ein weiterer <a href=\"https:\/\/www.friedenkoeln.de\/wp-content\/uploads\/2020\/01\/Aktionsb\u00fcndnis-gg-Rekrtg-Minderj\u00e4hriger_Schulpflegsch-Lehrerinnen-K\u00f6lner-Schulen_20200129.pdf\">Brief<\/a> wurde am 29.1.2020 an die weiterf\u00fchrenden Schulen in K\u00f6ln verschickt.<\/p>\n<p>&nbsp;<\/p>\n","protected":false},"excerpt":{"rendered":"<p>Das K\u00f6lner Aktionsb\u00fcndnis gegen die Rekrutierung Minderj\u00e4hriger durch die Bundeswehr hat im September 2018 die meisten weiterf\u00fchrenden Schulen in K\u00f6ln angeschrieben. Hier ist unser Brief. Ein weiterer Brief wurde am 29.1.2020 an die weiterf\u00fchrenden&#46;&#46;&#46;<\/p>\n","protected":false},"author":110,"featured_media":0,"parent":13108,"menu_order":2,"comment_status":"closed","ping_status":"closed","template":"","meta":{"footnotes":""},"class_list":["post-13133","page","type-page","status-publish","hentry"],"_links":{"self":[{"href":"https:\/\/www.friedenkoeln.de\/index.php?rest_route=\/wp\/v2\/pages\/13133","targetHints":{"allow":["GET"]}}],"collection":[{"href":"https:\/\/www.friedenkoeln.de\/index.php?rest_route=\/wp\/v2\/pages"}],"about":[{"href":"https:\/\/www.friedenkoeln.de\/index.php?rest_route=\/wp\/v2\/types\/page"}],"author":[{"embeddable":true,"href":"https:\/\/www.friedenkoeln.de\/index.php?rest_route=\/wp\/v2\/users\/110"}],"replies":[{"embeddable":true,"href":"https:\/\/www.friedenkoeln.de\/index.php?rest_route=%2Fwp%2Fv2%2Fcomments&post=13133"}],"version-history":[{"count":5,"href":"https:\/\/www.friedenkoeln.de\/index.php?rest_route=\/wp\/v2\/pages\/13133\/revisions"}],"predecessor-version":[{"id":14573,"href":"https:\/\/www.friedenkoeln.de\/index.php?rest_route=\/wp\/v2\/pages\/13133\/revisions\/14573"}],"up":[{"embeddable":true,"href":"https:\/\/www.friedenkoeln.de\/index.php?rest_route=\/wp\/v2\/pages\/13108"}],"wp:attachment":[{"href":"https:\/\/www.friedenkoeln.de\/index.php?rest_route=%2Fwp%2Fv2%2Fmedia&parent=13133"}],"curies":[{"name":"wp","href":"https:\/\/api.w.org\/{rel}","templated":true}]}}