{"id":13195,"date":"2018-12-18T00:22:23","date_gmt":"2018-12-17T22:22:23","guid":{"rendered":"http:\/\/www.friedenkoeln.de\/?page_id=13195"},"modified":"2018-12-18T19:21:49","modified_gmt":"2018-12-18T17:21:49","slug":"brief-an-google","status":"publish","type":"page","link":"https:\/\/www.friedenkoeln.de\/?page_id=13195","title":{"rendered":"Brief an Google"},"content":{"rendered":"<h4>YouTube soll keine Bundeswehr-Werbung zeigen<\/h4>\n<p>Das K\u00f6lner Aktionsb\u00fcndnis gegen die Rekrutierung Minderj\u00e4hriger durch die Bundeswehr hat am 17. Dezember 2018 \u00a0Google Deutschland in Hamburg einen <a href=\"http:\/\/www.friedenkoeln.de\/wp-content\/uploads\/2018\/12\/2018-12-14_Brief-K\u00f6lner-Aktionsb\u00fcndnis-an-Google.pdf\">Brief<\/a> \u00fcberreicht, in dem es Google auffordert, daf\u00fcr zu sorgen, dass die Bundeswehr-Werbung auf YouTube gestoppt wird. Das Aktionsb\u00fcndnis bat das Unternehmen um ein Gespr\u00e4ch \u00fcber dieses Thema.<\/p>\n<p>3 Fotos sind f\u00fcr die Berichterstattung hier zum Download frei verf\u00fcgbar.<\/p>\n<p>Mittlere Aufl\u00f6sung:<\/p>\n<p><a href=\"http:\/\/www.friedenkoeln.de\/wp-content\/uploads\/2018\/12\/IMG_0388google.jpg\" data-rel=\"lightbox-image-0\" data-rl_title=\"\" data-rl_caption=\"\" title=\"\">Florian Bechtel vor dem Eingang von Google Deutschland in Hamburg.<\/a><\/p>\n<p><a href=\"http:\/\/www.friedenkoeln.de\/wp-content\/uploads\/2018\/12\/IMG_0389google-e1545085007278.jpg\" data-rel=\"lightbox-image-1\" data-rl_title=\"\" data-rl_caption=\"\" title=\"\">Im Aufzug: Google auf jeder Etage<\/a><\/p>\n<p><a href=\"http:\/\/www.friedenkoeln.de\/wp-content\/uploads\/2018\/12\/IMG_0391google.jpg\" data-rel=\"lightbox-image-2\" data-rl_title=\"\" data-rl_caption=\"\" title=\"\">Florian Bechtel vor der \u00dcbergabe des Briefes an Google<\/a><\/p>\n<p>Hohe Aufl\u00f6sung:<\/p>\n<p><a href=\"https:\/\/www.dropbox.com\/s\/vs7o5zsnk8feb8q\/IMG_0388.jpg?dl=0\">Florian Bechtel vor dem Eingang von Google Deutschland in Hamburg.<\/a><\/p>\n<p><a href=\"https:\/\/www.dropbox.com\/s\/5jl9slqfhzyus87\/IMG_0389.jpg?dl=0\">Im Aufzug: Google auf jeder Etage<\/a><\/p>\n<p><a href=\"https:\/\/www.dropbox.com\/s\/6m333gc3h609m4c\/IMG_0391.jpg?dl=0\">Florian Bechtel vor der \u00dcbergabe des Briefes an Google<\/a><\/p>\n<div id=\"attachment_13213\" style=\"width: 576px\" class=\"wp-caption aligncenter\"><img loading=\"lazy\" decoding=\"async\" aria-describedby=\"caption-attachment-13213\" class=\" wp-image-13213\" src=\"http:\/\/www.friedenkoeln.de\/wp-content\/uploads\/2018\/12\/IMG_0388google.jpg\" alt=\"\" width=\"566\" height=\"424\" srcset=\"https:\/\/www.friedenkoeln.de\/wp-content\/uploads\/2018\/12\/IMG_0388google.jpg 1024w, https:\/\/www.friedenkoeln.de\/wp-content\/uploads\/2018\/12\/IMG_0388google-150x113.jpg 150w, https:\/\/www.friedenkoeln.de\/wp-content\/uploads\/2018\/12\/IMG_0388google-768x576.jpg 768w\" sizes=\"auto, (max-width: 566px) 100vw, 566px\" \/><p id=\"caption-attachment-13213\" class=\"wp-caption-text\">Florian Bechtel (Qu\u00e4ker) vor dem Eingang von Google Germany, Hamburg, am 17.12.2018. Foto: Christopher Hatton<\/p><\/div>\n<div id=\"attachment_13201\" style=\"width: 353px\" class=\"wp-caption aligncenter\"><img loading=\"lazy\" decoding=\"async\" aria-describedby=\"caption-attachment-13201\" class=\" wp-image-13201\" src=\"http:\/\/www.friedenkoeln.de\/wp-content\/uploads\/2018\/12\/IMG_0389google-e1545085007278.jpg\" alt=\"\" width=\"343\" height=\"458\" srcset=\"https:\/\/www.friedenkoeln.de\/wp-content\/uploads\/2018\/12\/IMG_0389google-e1545085007278.jpg 768w, https:\/\/www.friedenkoeln.de\/wp-content\/uploads\/2018\/12\/IMG_0389google-e1545085007278-113x150.jpg 113w\" sizes=\"auto, (max-width: 343px) 100vw, 343px\" \/><p id=\"caption-attachment-13201\" class=\"wp-caption-text\">Im Aufzug bei Google Germany, Hamburg, am 17.12.2018. Foto: Christopher Hatton<\/p><\/div>\n<div id=\"attachment_13211\" style=\"width: 561px\" class=\"wp-caption aligncenter\"><img loading=\"lazy\" decoding=\"async\" aria-describedby=\"caption-attachment-13211\" class=\" wp-image-13211\" src=\"http:\/\/www.friedenkoeln.de\/wp-content\/uploads\/2018\/12\/IMG_0391google.jpg\" alt=\"Ein Mann in dunkler Kleidung steht vor einem mit gro\u00dfen bunten Lichtelementen versehenden Empfangstisch.\" width=\"551\" height=\"413\" srcset=\"https:\/\/www.friedenkoeln.de\/wp-content\/uploads\/2018\/12\/IMG_0391google.jpg 1024w, https:\/\/www.friedenkoeln.de\/wp-content\/uploads\/2018\/12\/IMG_0391google-150x113.jpg 150w, https:\/\/www.friedenkoeln.de\/wp-content\/uploads\/2018\/12\/IMG_0391google-768x576.jpg 768w\" sizes=\"auto, (max-width: 551px) 100vw, 551px\" \/><p id=\"caption-attachment-13211\" class=\"wp-caption-text\">Florian Bechtel (Qu\u00e4ker) vor der \u00dcbergabe des Briefs an Google Germany, Hamburg, am 17.12.2018. Foto: Christopher Hatton<\/p><\/div>\n<p><a href=\"https:\/\/www.friedenkoeln.de\/?p=13207\">Pressemitteilung vom 18.12.2018: Aktionsb\u00fcndnis fordert Google auf, Bundeswehr-Werbung bei YouTube zu stoppen \u00a0<\/a><\/p>\n","protected":false},"excerpt":{"rendered":"<p>YouTube soll keine Bundeswehr-Werbung zeigen Das K\u00f6lner Aktionsb\u00fcndnis gegen die Rekrutierung Minderj\u00e4hriger durch die Bundeswehr hat am 17. Dezember 2018 \u00a0Google Deutschland in Hamburg einen Brief \u00fcberreicht, in dem es Google auffordert, daf\u00fcr zu&#46;&#46;&#46;<\/p>\n","protected":false},"author":110,"featured_media":0,"parent":13108,"menu_order":3,"comment_status":"closed","ping_status":"closed","template":"","meta":{"footnotes":""},"class_list":["post-13195","page","type-page","status-publish","hentry"],"_links":{"self":[{"href":"https:\/\/www.friedenkoeln.de\/index.php?rest_route=\/wp\/v2\/pages\/13195","targetHints":{"allow":["GET"]}}],"collection":[{"href":"https:\/\/www.friedenkoeln.de\/index.php?rest_route=\/wp\/v2\/pages"}],"about":[{"href":"https:\/\/www.friedenkoeln.de\/index.php?rest_route=\/wp\/v2\/types\/page"}],"author":[{"embeddable":true,"href":"https:\/\/www.friedenkoeln.de\/index.php?rest_route=\/wp\/v2\/users\/110"}],"replies":[{"embeddable":true,"href":"https:\/\/www.friedenkoeln.de\/index.php?rest_route=%2Fwp%2Fv2%2Fcomments&post=13195"}],"version-history":[{"count":13,"href":"https:\/\/www.friedenkoeln.de\/index.php?rest_route=\/wp\/v2\/pages\/13195\/revisions"}],"predecessor-version":[{"id":13223,"href":"https:\/\/www.friedenkoeln.de\/index.php?rest_route=\/wp\/v2\/pages\/13195\/revisions\/13223"}],"up":[{"embeddable":true,"href":"https:\/\/www.friedenkoeln.de\/index.php?rest_route=\/wp\/v2\/pages\/13108"}],"wp:attachment":[{"href":"https:\/\/www.friedenkoeln.de\/index.php?rest_route=%2Fwp%2Fv2%2Fmedia&parent=13195"}],"curies":[{"name":"wp","href":"https:\/\/api.w.org\/{rel}","templated":true}]}}