{"id":13364,"date":"2019-02-02T15:30:00","date_gmt":"2019-02-02T13:30:00","guid":{"rendered":"http:\/\/www.friedenkoeln.de\/?page_id=13364"},"modified":"2020-11-04T16:42:01","modified_gmt":"2020-11-04T14:42:01","slug":"regelmaessiges","status":"publish","type":"page","link":"https:\/\/www.friedenkoeln.de\/?page_id=13364","title":{"rendered":"Jahrestage"},"content":{"rendered":"<p>Wir treffen uns jeden 4. Donnerstag im Monat um 19:30 Uhr im Friedensbildungswerk K\u00f6ln.\u00a0Bitte informiere uns rechtzeitig\u00a0per Email \u00fcber Dein Kommen, damit wir Dich bei Termin\u00e4nderungen benachrichtigen k\u00f6nnen.<\/p>\n<p>Einige Jahrestage, die wir oft zu Aktionen nutzen, sind <a href=\"http:\/\/www.friedenkoeln.de\/wp-content\/uploads\/2018\/01\/Jahrestage-mit-Friedensbezug.pdf\">hier<\/a>.<\/p>\n","protected":false},"excerpt":{"rendered":"<p>Wir treffen uns jeden 4. Donnerstag im Monat um 19:30 Uhr im Friedensbildungswerk K\u00f6ln.\u00a0Bitte informiere uns rechtzeitig\u00a0per Email \u00fcber Dein Kommen, damit wir Dich bei Termin\u00e4nderungen benachrichtigen k\u00f6nnen. Einige Jahrestage, die wir oft zu&#46;&#46;&#46;<\/p>\n","protected":false},"author":110,"featured_media":0,"parent":8701,"menu_order":2,"comment_status":"closed","ping_status":"closed","template":"","meta":{"footnotes":""},"class_list":["post-13364","page","type-page","status-publish","hentry"],"_links":{"self":[{"href":"https:\/\/www.friedenkoeln.de\/index.php?rest_route=\/wp\/v2\/pages\/13364","targetHints":{"allow":["GET"]}}],"collection":[{"href":"https:\/\/www.friedenkoeln.de\/index.php?rest_route=\/wp\/v2\/pages"}],"about":[{"href":"https:\/\/www.friedenkoeln.de\/index.php?rest_route=\/wp\/v2\/types\/page"}],"author":[{"embeddable":true,"href":"https:\/\/www.friedenkoeln.de\/index.php?rest_route=\/wp\/v2\/users\/110"}],"replies":[{"embeddable":true,"href":"https:\/\/www.friedenkoeln.de\/index.php?rest_route=%2Fwp%2Fv2%2Fcomments&post=13364"}],"version-history":[{"count":6,"href":"https:\/\/www.friedenkoeln.de\/index.php?rest_route=\/wp\/v2\/pages\/13364\/revisions"}],"predecessor-version":[{"id":15528,"href":"https:\/\/www.friedenkoeln.de\/index.php?rest_route=\/wp\/v2\/pages\/13364\/revisions\/15528"}],"up":[{"embeddable":true,"href":"https:\/\/www.friedenkoeln.de\/index.php?rest_route=\/wp\/v2\/pages\/8701"}],"wp:attachment":[{"href":"https:\/\/www.friedenkoeln.de\/index.php?rest_route=%2Fwp%2Fv2%2Fmedia&parent=13364"}],"curies":[{"name":"wp","href":"https:\/\/api.w.org\/{rel}","templated":true}]}}