{"id":15137,"date":"2020-06-24T18:53:56","date_gmt":"2020-06-24T16:53:56","guid":{"rendered":"https:\/\/www.friedenkoeln.de\/?page_id=15137"},"modified":"2020-12-02T22:06:08","modified_gmt":"2020-12-02T20:06:08","slug":"worum-es-geht","status":"publish","type":"page","link":"https:\/\/www.friedenkoeln.de\/?page_id=15137","title":{"rendered":"B\u00fcchel17: Worum es geht"},"content":{"rendered":"<p>Am 30.4.2019 leisteten 17 Menschen auf dem Milit\u00e4rflughafen der Bundeswehr in B\u00fcchel (Eifel) Zivilen Ungehorsam, um dazu beizutragen, dass die \u201cNukleare Teilhabe\u201d Deutschlands an den US-Atombomben beendet wird, die in B\u00fcchel stationierten rund zwanzig B61-Bomben der USA beseitigt werden, Deutschland dem UN-Atomwaffenverbotsvertrag beitritt und damit Schritte zur weltweiten Abr\u00fcstung der Atomwaffen unternimmt.<\/p>\n<p>Unser Gruppenmitglied Ariane Dettloff geh\u00f6rt zu dieser Gruppe von 17 Atomwaffengegner*innen.<\/p>\n<p>Hier dokumentieren wir die Aktion selbst, die daran anschlie\u00dfenden Gerichtsverfahren und die Pressearbeit und \u00f6ffentliche Resonanz.<\/p>\n","protected":false},"excerpt":{"rendered":"<p>Am 30.4.2019 leisteten 17 Menschen auf dem Milit\u00e4rflughafen der Bundeswehr in B\u00fcchel (Eifel) Zivilen Ungehorsam, um dazu beizutragen, dass die \u201cNukleare Teilhabe\u201d Deutschlands an den US-Atombomben beendet wird, die in B\u00fcchel stationierten rund zwanzig&#46;&#46;&#46;<\/p>\n","protected":false},"author":110,"featured_media":0,"parent":15130,"menu_order":0,"comment_status":"closed","ping_status":"closed","template":"","meta":{"footnotes":""},"class_list":["post-15137","page","type-page","status-publish","hentry"],"_links":{"self":[{"href":"https:\/\/www.friedenkoeln.de\/index.php?rest_route=\/wp\/v2\/pages\/15137","targetHints":{"allow":["GET"]}}],"collection":[{"href":"https:\/\/www.friedenkoeln.de\/index.php?rest_route=\/wp\/v2\/pages"}],"about":[{"href":"https:\/\/www.friedenkoeln.de\/index.php?rest_route=\/wp\/v2\/types\/page"}],"author":[{"embeddable":true,"href":"https:\/\/www.friedenkoeln.de\/index.php?rest_route=\/wp\/v2\/users\/110"}],"replies":[{"embeddable":true,"href":"https:\/\/www.friedenkoeln.de\/index.php?rest_route=%2Fwp%2Fv2%2Fcomments&post=15137"}],"version-history":[{"count":6,"href":"https:\/\/www.friedenkoeln.de\/index.php?rest_route=\/wp\/v2\/pages\/15137\/revisions"}],"predecessor-version":[{"id":15168,"href":"https:\/\/www.friedenkoeln.de\/index.php?rest_route=\/wp\/v2\/pages\/15137\/revisions\/15168"}],"up":[{"embeddable":true,"href":"https:\/\/www.friedenkoeln.de\/index.php?rest_route=\/wp\/v2\/pages\/15130"}],"wp:attachment":[{"href":"https:\/\/www.friedenkoeln.de\/index.php?rest_route=%2Fwp%2Fv2%2Fmedia&parent=15137"}],"curies":[{"name":"wp","href":"https:\/\/api.w.org\/{rel}","templated":true}]}}