{"id":15140,"date":"2020-06-24T18:52:13","date_gmt":"2020-06-24T16:52:13","guid":{"rendered":"https:\/\/www.friedenkoeln.de\/?page_id=15140"},"modified":"2021-05-19T16:47:00","modified_gmt":"2021-05-19T14:47:00","slug":"pressemitteilungen-und-resonanz","status":"publish","type":"page","link":"https:\/\/www.friedenkoeln.de\/?page_id=15140","title":{"rendered":"B\u00fcchel17: Medien"},"content":{"rendered":"<p><a href=\"https:\/\/www.friedenkoeln.de\/wp-content\/uploads\/2021\/05\/PM_Buechel17_Atomwaffen_Amtsgericht-Cochem_20210519_Jan-Birk_final.pdf\">Pressemitteilung der Gruppe B\u00fcchel17 vom 19.5.2021:<\/a><br \/>\nJan Birk erl\u00e4utert seine Motivation: \u201cIch will die Fackel hoch halten, um das Wissen von und \u00fcber B\u00fcchel zu verbreiten und um meine eigene Glaubw\u00fcrdigkeit zu st\u00e4rken. So ein Prozess ist immer eine gute M\u00f6glichkeit, die eigenen Argumentationslinien gegen Atomwaffen zu sch\u00e4rfen.\u201c<\/p>\n<p><a href=\"https:\/\/www.friedenkoeln.de\/wp-content\/uploads\/2021\/05\/PM_Buechel17_Atomwaffen_Landgericht-Koblenz-verurteilt-Sozialpaedagogin_20210420.pdf\">Pressemitteilung der Gruppe B\u00fcchel17 vom 20.4.2021:<\/a><br \/>\nSchadenersatzpflichtige Friedensaktivistin (68 J.) Ria Makein fragt das Landgericht Koblenz: \u201eWer will den Schaden berechnen, wenn die Bundeswehr eine Atombombe z\u00fcndet?\u201c<\/p>\n<p><a href=\"https:\/\/www.friedenkoeln.de\/wp-content\/uploads\/2021\/05\/PM_Buechel17_Atomwaffen_Landgericht-Koblenz_20210420_final.pdf\">Presseeinladung der Gruppe B\u00fcchel17 vom 20.4.2021:<\/a><br \/>\n\u201eDer Paragraph zum \u201aHausfriedensbruch\u2019 passt nicht auf unsere Notwehr gegen die Vorbereitung zu Krieg und Massenmord\u201c, sagt die Sozialp\u00e4dagogin Ria Makein vor dem Berufungsverfahren am Landgericht Koblenz.<\/p>\n<p><a href=\"https:\/\/www.friedenkoeln.de\/wp-content\/uploads\/2021\/05\/PM_Buechel17_Atomwaffen_Amtsgericht-Cochem_20210412.pdf\">Pressemitteilung der DFG-VK Gruppe K\u00f6ln vom 12.4.2021:<\/a><br \/>\nAtomwaffen seien Angriffsziele, erkl\u00e4rte die K\u00f6lner Journalistin und Friedensaktivistin Ariane Dettloff vor dem Amtsgericht Cochem. Jederzeit k\u00f6nne es zu einem \u201eAtomkrieg aus Versehen\u201c kommen.\u00a0Seit 1997 habe es \u00fcber 40 Computer-Irrt\u00fcmer in diesem Zusammenhang gegeben. Einen\u00a0Beweisantrag hierzu lehnte das Gericht als \u201eohne Bedeutung\u201c ab.<\/p>\n<p><a href=\"https:\/\/www.friedenkoeln.de\/wp-content\/uploads\/2021\/05\/PM_Buechel17_Atomwaffen_Amtsgericht-Cochem_20210407_final.pdf\">Presseeinladung der Gruppe B\u00fcchel17 vom 7.4.2021:<\/a><br \/>\nDie Journalistin und Friedensaktivistin Ariane Dettloff, 77 J., fordert vor einem Verfahren wegen &#8222;Hausfriedensbruchs&#8220; vor dem Amtsgericht Cochem den Abzug der US-Atombomben und den Beitritt Deutschlands zum Atomwaffenverbotsvertrag der Vereinten Nationen.<\/p>\n<p><a href=\"https:\/\/www.friedenkoeln.de\/wp-content\/uploads\/2021\/05\/Buechel17_Presseeinladung-31.3.2021.pdf\">Presseeinladung der Gruppe B\u00fcchel17 vom 23.3.2021:<\/a><br \/>\n&#8222;F\u00fcr die Dauer unserer Anwesenheit im Fliegerhorst war an diesem Ort das V\u00f6lkerrecht wirksam, da in dieser Zeit keine Tornados starten konnten&#8220;, so der Spielger\u00e4tebauer Malte Fr\u00f6hlich aus Miltern\/Stendal vor dem Amtsgericht Cochem.<\/p>\n<p><a href=\"https:\/\/www.friedenkoeln.de\/wp-content\/uploads\/2020\/12\/PM-Einbruch-auf-Kriegsuebungsgelaende.pdf\">Pressemitteilung der Gruppe B\u00fcchel17 vom 9.12.2020:<\/a><br \/>\n\u201eEinbruch auf Kriegs\u00fcbungsgel\u00e4nde\u201c &#8211; die Mainzer Lehrerin und Anti-Atomwaffen-Aktivistin Lies Welker, fordert neuen Straftatbestand.<\/p>\n<p><a href=\"https:\/\/www.friedenkoeln.de\/wp-content\/uploads\/2020\/12\/PM_Buechel17_Atomwaffengegnerin-vor-Gericht_20201202_final.pdf\">Pressemitteilung der Gruppe B\u00fcchel17 vom 2.12.2020:<\/a><br \/>\nSozialp\u00e4dagogin Ria Makein wegen Zivilen Ungehorsams gegen Atomwaffen verurteilt. \u201eWenn diese Dinger losgeschickt werden, ist es zu sp\u00e4t, dann gibt es keinen Rechtsstaat mehr.\u201c<br \/>\n<a href=\"https:\/\/flic.kr\/p\/2kcF5Bb\">Foto vom 2.12.2020 auf Flickr: Ria Makein vor dem Amtsgericht Cochem.<\/a><\/p>\n<p><a href=\"https:\/\/www.friedenkoeln.de\/wp-content\/uploads\/2020\/12\/PM_Buechel17_Atomwaffengegnerin-vor-Gericht_20201130_final.pdf\">Presseeinladung der Gruppe B\u00fcchel17 vom 30.11.2020:<\/a><br \/>\nDie Bundesregierung plant, f\u00fcr mehrere Milliarden Euro neue, f\u00fcr den Atomkrieg zertifizierte Kampfflugzeuge zu beschaffen.\u00a0Ria Makein, die in ihrem Berufsleben mit Menschen mit Behinderungen arbeitete, h\u00e4lt das f\u00fcr Geldverschwendung. \u201eDas Gesetz wird genutzt, um die Vorbereitung von Massenmord und Krieg zu sch\u00fctzen. Diejenigen, die auf dieses Unrecht mit friedlichen Mitteln hinweisen und es f\u00fcr eine kurze Zeit unterbrechen, sollen bestraft werden.\u201c<\/p>\n<p><a href=\"https:\/\/www.friedenkoeln.de\/wp-content\/uploads\/2020\/11\/20201105-Presseeinladung-11.11.Amtsgericht-Jan.pdf\">Pressemitteilung der Gruppe B\u00fcchel17 vom 5.11.2020:<\/a><br \/>\nZiviler Ungehorsam gegen Atomwaffen vor Gericht: Jan Birk ist Leiter des Umweltamtes Preetz\/Schleswig-Holstein und erkl\u00e4rt: &#8222;Ich will die Fackel hochhalten, um das Wissen von und \u00fcber B\u00fcchel zu verbreiten (&#8230;)&#8220;<\/p>\n<p><a href=\"https:\/\/www.friedenkoeln.de\/wp-content\/uploads\/2020\/11\/Buechel17_Presseeinladung-4.11.2020_20201029.pdf\">Presseeinladung der Gruppe B\u00fcchel17 vom 29.10.2020<\/a>:<br \/>\nZiviler Ungehorsam gegen Atomwaffen vor Gericht: Bewegungsarbeiter Holger Isabelle J\u00e4nicke: &#8222;Atomare Abschreckung bedeutet Geiselhaft f\u00fcr die Menschen, die im Umkreis [von B\u00fcchel] leben.&#8220;<\/p>\n<p><a href=\"https:\/\/www.friedenkoeln.de\/wp-content\/uploads\/2020\/06\/PM_B\u00fcchel17_Go-In-Gruppe_\u00c4rztin-und-Medizinstudentin_202000624_final.pdf\">Pressemitteilung der Gruppe B\u00fcchel17 vom 24.6.2020<\/a>:<br \/>\nAmtsgericht Cochem verurteilt \u00c4rztin und Medizinstudentin wegen &#8222;Hausfriedensbruch&#8220; auf auf Bundeswehr-Flugplatz B\u00fcchel (Eifel) \u2013 Existenz der Atombomben unerheblich<br \/>\nFoto vom 24.6.2020 auf Flickr: <a href=\"https:\/\/flic.kr\/p\/2jf1SJv\">Hochformat<\/a>\u00a0<a href=\"https:\/\/flic.kr\/p\/2jf25TA\">Querformat<\/a><br \/>\nZwei Friedensaktivist*innen von IPPNW vor dem Amtsgericht Cochem<\/p>\n<p><a href=\"https:\/\/www.friedenkoeln.de\/wp-content\/uploads\/2020\/06\/PM_B\u00fcchel17_Picknick-Gruppe_Atomwaffengegner_innen-verurteilt_20200619_final.pdf\">Pressemitteilung der Gruppe B\u00fcchel17 vom 19.6.2020<\/a>:<br \/>\nZiviler Ungehorsam gegen US-Atombomben in B\u00fcchel (Eifel): Amtsgericht Cochem verurteilt Friedensaktivist*innen<br \/>\n<a href=\"https:\/\/flic.kr\/p\/2jdjk3S\">Foto vom 19.6.2020 auf Flickr<\/a>:<br \/>\nF\u00fcnf Atomwaffengegner*innen vor dem Amtsgericht Cochem<br \/>\n<a href=\"https:\/\/www.friedenkoeln.de\/wp-content\/uploads\/2020\/06\/Kathrin-Vogler_Gru\u00dfwort-zum-Gerichtsprozess-w-Zivilem-Ungehorsam-gg-Atomwaffen_20200615.pdf\">Gru\u00dfwort der Bundestagsabgeordneten Kathrin Vogler (Die Linke) vom 15.6.2020<\/a>):<br \/>\nMdB Kathrin Vogler zu Atomwaffengegner*innen: \u201cViele Menschen sind mit dem Herzen bei euch\u201d<\/p>\n<p><a href=\"https:\/\/www.friedenkoeln.de\/wp-content\/uploads\/2020\/06\/PM_B\u00fcchel17_Ziviler-Ungehorsam-gegen-Atomwaffen_Prozess-gg-Picknick-Gruppe-vertagt_20200603_final.pdf\">Pressemitteilung der Gruppe B\u00fcchel17 vom 3.6.2020<\/a>:<br \/>\nAtomwaffen in B\u00fcchel: Amtsgericht Cochem vertagt Prozess gegen \u201ePicknick-Gruppe\u201c<br \/>\n<a href=\"https:\/\/flic.kr\/p\/2j8u4gk\">Foto vom 3.6.2020 auf Flickr<\/a>:<br \/>\nMahnwache vor dem Amtsgericht Cochem<\/p>\n<p><a href=\"https:\/\/www.friedenkoeln.de\/?p=14327\">Soli-Aktion vom 1.11.2019<\/a>:<br \/>\nMachst Du mit? \u2013 Solidarit\u00e4tsaktion mit einem Atomwaffengegner<\/p>\n<p><a href=\"https:\/\/www.friedenkoeln.de\/wp-content\/uploads\/2020\/06\/PM_B\u00fcchel17_Atomwaffenfreies-Picknick-auf-BW-Flugplatz-B\u00fcchel_20190430.pdf\">Pressemitteilung der Gruppe \u201cB\u00fcchel17\u201d vom 30.4.2019<\/a>:<br \/>\n\u201eAtomwaffenfreies Picknick\u201c auf dem Bundeswehr-Flugplatz B\u00fcchel \u2013 Flugbetrieb gest\u00f6rt<br \/>\n<a href=\"https:\/\/flic.kr\/s\/aHsmCTZ3f8\">Fotos vom 30.4.2019 auf Flickr<\/a><\/p>\n","protected":false},"excerpt":{"rendered":"<p>Pressemitteilung der Gruppe B\u00fcchel17 vom 19.5.2021: Jan Birk erl\u00e4utert seine Motivation: \u201cIch will die Fackel hoch halten, um das Wissen von und \u00fcber B\u00fcchel zu verbreiten und um meine eigene Glaubw\u00fcrdigkeit zu st\u00e4rken. So&#46;&#46;&#46;<\/p>\n","protected":false},"author":110,"featured_media":0,"parent":15130,"menu_order":3,"comment_status":"closed","ping_status":"closed","template":"","meta":{"footnotes":""},"class_list":["post-15140","page","type-page","status-publish","hentry"],"_links":{"self":[{"href":"https:\/\/www.friedenkoeln.de\/index.php?rest_route=\/wp\/v2\/pages\/15140","targetHints":{"allow":["GET"]}}],"collection":[{"href":"https:\/\/www.friedenkoeln.de\/index.php?rest_route=\/wp\/v2\/pages"}],"about":[{"href":"https:\/\/www.friedenkoeln.de\/index.php?rest_route=\/wp\/v2\/types\/page"}],"author":[{"embeddable":true,"href":"https:\/\/www.friedenkoeln.de\/index.php?rest_route=\/wp\/v2\/users\/110"}],"replies":[{"embeddable":true,"href":"https:\/\/www.friedenkoeln.de\/index.php?rest_route=%2Fwp%2Fv2%2Fcomments&post=15140"}],"version-history":[{"count":17,"href":"https:\/\/www.friedenkoeln.de\/index.php?rest_route=\/wp\/v2\/pages\/15140\/revisions"}],"predecessor-version":[{"id":16856,"href":"https:\/\/www.friedenkoeln.de\/index.php?rest_route=\/wp\/v2\/pages\/15140\/revisions\/16856"}],"up":[{"embeddable":true,"href":"https:\/\/www.friedenkoeln.de\/index.php?rest_route=\/wp\/v2\/pages\/15130"}],"wp:attachment":[{"href":"https:\/\/www.friedenkoeln.de\/index.php?rest_route=%2Fwp%2Fv2%2Fmedia&parent=15140"}],"curies":[{"name":"wp","href":"https:\/\/api.w.org\/{rel}","templated":true}]}}