{"id":15300,"date":"2020-08-15T20:47:12","date_gmt":"2020-08-15T18:47:12","guid":{"rendered":"https:\/\/www.friedenkoeln.de\/?page_id=15300"},"modified":"2020-08-19T21:06:38","modified_gmt":"2020-08-19T19:06:38","slug":"widerstaendige-alte-worum-es-geht","status":"publish","type":"page","link":"https:\/\/www.friedenkoeln.de\/?page_id=15300","title":{"rendered":"Widerst\u00e4ndige Alte: Worum es geht"},"content":{"rendered":"<p>Am fr\u00fchen Morgen des 23. Juli 2018 betraten sieben Menschen im Rahmen der Qu\u00e4ker-Aktionstage den\u00a0Milit\u00e4rflughafen der Bundeswehr in B\u00fcchel (Eifel) und gaben auf der Startbahn ihrem\u00a0Protest gegen die \u00dcbungsfl\u00fcge der Tornado-Flugzeuge Ausdruck. T\u00e4glich wird hier im Rahmen der sog. Nuklearen Teilhabe Deutschlands der Abwurf von US-Atombomben ge\u00fcbt. Die Aktivist*innen warfen dagegen Blumensamen als Zeichen des Lebens und musizierten. Ziel der Aktion war u. a. die Verhinderung eines Starts der Milit\u00e4rmaschinen.<\/p>\n<p>Auf dem Fliegerhorst in B\u00fcchel\/Eifel sind zwanzig US-Atombomben stationiert, die im Ernstfall unter dem Oberfehl von US-Pr\u00e4sident Trump von Bundeswehr-Piloten ins Zielgebiet geflogen werden sollen.<\/p>\n<p>F\u00fcnf der sieben Menschen wurden angeklagt, darunter unser Gruppenmitglied Ariane Dettloff, Journalistin in K\u00f6ln.<\/p>\n<p>Hier dokumentieren wir die Aktion selbst, die daran anschlie\u00dfenden Gerichtsverfahren und die Pressearbeit und \u00f6ffentliche Resonanz.<\/p>\n<p>&nbsp;<\/p>\n<div id=\"attachment_12597\" style=\"width: 1642px\" class=\"wp-caption aligncenter\"><img loading=\"lazy\" decoding=\"async\" aria-describedby=\"caption-attachment-12597\" class=\"size-full wp-image-12597\" src=\"https:\/\/www.friedenkoeln.de\/wp-content\/uploads\/2018\/08\/signal-2018-07-24-124730.jpg\" alt=\"Eine Gruppe von sechs Personen steht mitten auf einer riesigen asphaltierten Fl\u00e4che und h\u00e4lt ein Transparent der Qu\u00e4ker mit der Aufschrift &quot;Atomwaffen abschaffen jetzt! Miteinander in Frieden leben&quot;.\" width=\"1632\" height=\"1224\" srcset=\"https:\/\/www.friedenkoeln.de\/wp-content\/uploads\/2018\/08\/signal-2018-07-24-124730.jpg 1632w, https:\/\/www.friedenkoeln.de\/wp-content\/uploads\/2018\/08\/signal-2018-07-24-124730-150x113.jpg 150w, https:\/\/www.friedenkoeln.de\/wp-content\/uploads\/2018\/08\/signal-2018-07-24-124730-768x576.jpg 768w\" sizes=\"auto, (max-width: 1632px) 100vw, 1632px\" \/><p id=\"caption-attachment-12597\" class=\"wp-caption-text\">Go-In auf Luftwaffenst\u00fctzpunkt B\u00fcchel am 23.7.2018 mit 7 Friedensaktivist*innen. Foto: privat \/ Atomwaffenfrei jetzt!<\/p><\/div>\n","protected":false},"excerpt":{"rendered":"<p>Am fr\u00fchen Morgen des 23. Juli 2018 betraten sieben Menschen im Rahmen der Qu\u00e4ker-Aktionstage den\u00a0Milit\u00e4rflughafen der Bundeswehr in B\u00fcchel (Eifel) und gaben auf der Startbahn ihrem\u00a0Protest gegen die \u00dcbungsfl\u00fcge der Tornado-Flugzeuge Ausdruck. T\u00e4glich wird&#46;&#46;&#46;<\/p>\n","protected":false},"author":110,"featured_media":0,"parent":15296,"menu_order":0,"comment_status":"closed","ping_status":"closed","template":"","meta":{"footnotes":""},"class_list":["post-15300","page","type-page","status-publish","hentry"],"_links":{"self":[{"href":"https:\/\/www.friedenkoeln.de\/index.php?rest_route=\/wp\/v2\/pages\/15300","targetHints":{"allow":["GET"]}}],"collection":[{"href":"https:\/\/www.friedenkoeln.de\/index.php?rest_route=\/wp\/v2\/pages"}],"about":[{"href":"https:\/\/www.friedenkoeln.de\/index.php?rest_route=\/wp\/v2\/types\/page"}],"author":[{"embeddable":true,"href":"https:\/\/www.friedenkoeln.de\/index.php?rest_route=\/wp\/v2\/users\/110"}],"replies":[{"embeddable":true,"href":"https:\/\/www.friedenkoeln.de\/index.php?rest_route=%2Fwp%2Fv2%2Fcomments&post=15300"}],"version-history":[{"count":4,"href":"https:\/\/www.friedenkoeln.de\/index.php?rest_route=\/wp\/v2\/pages\/15300\/revisions"}],"predecessor-version":[{"id":15346,"href":"https:\/\/www.friedenkoeln.de\/index.php?rest_route=\/wp\/v2\/pages\/15300\/revisions\/15346"}],"up":[{"embeddable":true,"href":"https:\/\/www.friedenkoeln.de\/index.php?rest_route=\/wp\/v2\/pages\/15296"}],"wp:attachment":[{"href":"https:\/\/www.friedenkoeln.de\/index.php?rest_route=%2Fwp%2Fv2%2Fmedia&parent=15300"}],"curies":[{"name":"wp","href":"https:\/\/api.w.org\/{rel}","templated":true}]}}