{"id":15307,"date":"2020-08-15T20:54:22","date_gmt":"2020-08-15T18:54:22","guid":{"rendered":"https:\/\/www.friedenkoeln.de\/?page_id=15307"},"modified":"2020-08-24T23:34:05","modified_gmt":"2020-08-24T21:34:05","slug":"widerstaendige-alte-medien","status":"publish","type":"page","link":"https:\/\/www.friedenkoeln.de\/?page_id=15307","title":{"rendered":"Widerst\u00e4ndige Alte: Medien"},"content":{"rendered":"<h4><a href=\"https:\/\/www.friedenkoeln.de\/wp-content\/uploads\/2020\/08\/PM_Widerst\u00e4ndige-Alte_Atomwaffen_Bundesverfassungsgericht_20200824_final.pdf\">Pressemitteilung vom 24.8.2020<\/a><\/h4>\n<p>Widerst\u00e4ndige Alte: Verfassungsklage gegen Atomwaffen eingereicht.<\/p>\n<h4><\/h4>\n<h4><a href=\"https:\/\/www.friedenkoeln.de\/wp-content\/uploads\/2020\/08\/PM_Widerst\u00e4ndige-Alte_Atomwaffen_Bundesverfassungsgericht_20200820_final.pdf\">Pressemitteilung vom 20.8.2020<\/a><\/h4>\n<p>Nach D\u00fcrresommer &#8222;Nuklearer Winter&#8220;? Atomwaffengegner*innen reichen Verfassungsklage ein.<\/p>\n<h4><\/h4>\n<h4><a href=\"https:\/\/www.swr.de\/swr2\/leben-und-gesellschaft\/gegen-atomwaffen-fuenf-widerstaendige-alte-und-ihr-protest-100.html\">H\u00f6rfunkreportage SWR2 vom 30.4.2020 (24 Min.)\u00a0<\/a><\/h4>\n<div class=\"aquarium aquarium-panoramateaser\" role=\"banner\">\n<div class=\"container\">\n<header>\n<p class=\"hgroup\">Christine Werner: Senioren gegen Atomwaffen \u2013 F\u00fcnf widerst\u00e4ndige Alte und ihr Protest. <a href=\"https:\/\/www.friedenkoeln.de\/wp-content\/uploads\/2020\/05\/Christine-Werner_Senioren-gegen-Atomwaffen_Widerst\u00e4ndige-Alte_SWR2-Leben_2020-04-30_copyright.pdf\">Skript zum Download<\/a>\u00a0mit freundlicher Genehmigung der Autorin.<\/p>\n<\/header>\n<\/div>\n<\/div>\n<h4><\/h4>\n<h4><a href=\"https:\/\/www.friedenkoeln.de\/wp-content\/uploads\/2020\/02\/PM_Widerst\u00e4ndige-Alte_Atomwaffen_Landgericht-Koblenz_Urteil_20200219-korr-20200223.pdf\">Pressemitteilung vom 19.2.2020<\/a><\/h4>\n<div class=\"layoutArea\">\n<div class=\"column\">\n<p>\u201eWiderst\u00e4ndige Alte\u201c legen Revision gegen Verurteilung wegen Zivilen Ungehorsams gegen die Atomkriegs\u00fcbungen der Bundeswehr ein. Landgericht Koblenz w\u00fcrdigt gesellschaftlich anerkannte ehrenwerte Ziele der Friedensaktivist*innen und empfiehlt \u201emildere Mittel\u201c. [korrigierte Fassung vom 23.2.2020]<\/p>\n<p>&nbsp;<\/p>\n<\/div>\n<\/div>\n<div class=\"aquarium aquarium-panoramateaser\" role=\"banner\">\n<div class=\"container\">\n<header>\n<h4><a href=\"https:\/\/www.friedenkoeln.de\/wp-content\/uploads\/2020\/02\/Unterst\u00fctzung-Prozess-19.2.2020-Koblenz_Flyer_Widerst\u00e4ndige-Alte.pdf\">Flyer zum 2. Verhandlungstermin am 19.2.2020<\/a><\/h4>\n<p>\u201eWir machen weiter\u201c \u2013 \u201eWiderst\u00e4ndige Alte\u201c vor Gericht \u2013 ziviler Ungehorsam bis zur atomaren Abr\u00fcstung.<\/p>\n<p>&nbsp;<\/p>\n<\/header>\n<\/div>\n<\/div>\n<div>\n<h4><a href=\"https:\/\/www.ardmediathek.de\/swr\/player\/Y3JpZDovL3N3ci5kZS9hZXgvbzExOTY5OTM\/atomwaffengegner-wegen-buechel-aktion-vor-gericht\">TV-Bericht SWR Aktuell Rheinland-Pfalz am 4.2.2020<\/a>\u00a0(1&#8217;30 Min.) [verf\u00fcgbar bis 3.2.2021]<\/h4>\n<p>Atomwaffengegner wegen B\u00fcchel-Aktion vor Gericht.<\/p>\n<p>&nbsp;<\/p>\n<\/div>\n<h4><a href=\"https:\/\/www.friedenkoeln.de\/wp-content\/uploads\/2020\/02\/DFG-VK-Gr-K\u00f6ln_PM_Atomwaffen_Widerst\u00e4ndige-Alte_20200128_final.pdf\">Pressemitteilung der DFG-VK Gruppe K\u00f6ln vom 28.1.2020<\/a><\/h4>\n<div class=\"page\" title=\"Page 1\">\n<div class=\"section\">\n<div class=\"layoutArea\">\n<div class=\"column\">\n<p>Ziviler Ungehorsam gegen Atombomben in der Eifel &#8211; K\u00f6lner Journalistin hofft auf Freispruch durch Landgericht Koblenz.<\/p>\n<p>&nbsp;<\/p>\n<\/div>\n<\/div>\n<\/div>\n<\/div>\n<div>\n<h4><a href=\"https:\/\/www.friedenkoeln.de\/wp-content\/uploads\/2020\/02\/PM_Widerst\u00e4ndige-Alte_Atomwaffen_Landgericht-Koblenz_20200116_final.pdf\">Pressemitteilung vom 16.1.2020<\/a><\/h4>\n<div class=\"page\" title=\"Page 1\">\n<div class=\"layoutArea\">\n<div class=\"column\">\n<p>Berufungsprozess in Koblenz gegen f\u00fcnf Senior*innen wegen \u201eGo-In\u201c auf die Startbahn des Bundeswehr-Flugplatzes B\u00fcchel (Eifel). \u201eWiderst\u00e4ndige Alte\u201c fordern Abzug der US-Atomwaffen und Beitritt Deutschlands zum Atomwaffenverbotsvertrag der Vereinten Nationen<\/p>\n<\/div>\n<p>&nbsp;<\/p>\n<h4><a href=\"https:\/\/www.friedenkoeln.de\/wp-content\/uploads\/2020\/08\/PM-Widerst\u00e4ndige-Alte-klagen-Atompolitik-an.pdf\">Pressemitteilung vom 12.12.2019<\/a><\/h4>\n<div class=\"page\" title=\"Page 1\">\n<div class=\"layoutArea\">\n<div class=\"column\">\n<p>Widerst\u00e4ndige Alte klagen Atompolitik an. Atomwaffengegner legen Widerspruch ein.<\/p>\n<div id=\"attachment_13274\" style=\"width: 3082px\" class=\"wp-caption aligncenter\"><img loading=\"lazy\" decoding=\"async\" aria-describedby=\"caption-attachment-13274\" class=\"size-full wp-image-13274\" src=\"https:\/\/www.friedenkoeln.de\/wp-content\/uploads\/2019\/01\/DSC_0091-e1546784651183.jpg\" alt=\"Eine h\u00fcbsche \u00e4ltere Dame in dunklem Wintermantel mit dicken, langen silbergrauen Haaren wird interviewt. Foto: Stefanie Intveen\" width=\"3072\" height=\"4608\" srcset=\"https:\/\/www.friedenkoeln.de\/wp-content\/uploads\/2019\/01\/DSC_0091-e1546784651183.jpg 3072w, https:\/\/www.friedenkoeln.de\/wp-content\/uploads\/2019\/01\/DSC_0091-e1546784651183-100x150.jpg 100w, https:\/\/www.friedenkoeln.de\/wp-content\/uploads\/2019\/01\/DSC_0091-e1546784651183-768x1152.jpg 768w, https:\/\/www.friedenkoeln.de\/wp-content\/uploads\/2019\/01\/DSC_0091-e1546784651183-2000x3000.jpg 2000w\" sizes=\"auto, (max-width: 3072px) 100vw, 3072px\" \/><p id=\"caption-attachment-13274\" class=\"wp-caption-text\">TV-Interview mit Ariane Dettloff am 12.12.2018 vor der Gerichtsverhandlung im Amtsgericht Cochem. Foto: Stefanie Intveen.<\/p><\/div>\n<\/div>\n<\/div>\n<\/div>\n<\/div>\n<\/div>\n<\/div>\n","protected":false},"excerpt":{"rendered":"<p>Pressemitteilung vom 24.8.2020 Widerst\u00e4ndige Alte: Verfassungsklage gegen Atomwaffen eingereicht. Pressemitteilung vom 20.8.2020 Nach D\u00fcrresommer &#8222;Nuklearer Winter&#8220;? Atomwaffengegner*innen reichen Verfassungsklage ein. H\u00f6rfunkreportage SWR2 vom 30.4.2020 (24 Min.)\u00a0 Christine Werner: Senioren gegen Atomwaffen \u2013 F\u00fcnf widerst\u00e4ndige&#46;&#46;&#46;<\/p>\n","protected":false},"author":110,"featured_media":0,"parent":15296,"menu_order":2,"comment_status":"closed","ping_status":"closed","template":"","meta":{"footnotes":""},"class_list":["post-15307","page","type-page","status-publish","hentry"],"_links":{"self":[{"href":"https:\/\/www.friedenkoeln.de\/index.php?rest_route=\/wp\/v2\/pages\/15307","targetHints":{"allow":["GET"]}}],"collection":[{"href":"https:\/\/www.friedenkoeln.de\/index.php?rest_route=\/wp\/v2\/pages"}],"about":[{"href":"https:\/\/www.friedenkoeln.de\/index.php?rest_route=\/wp\/v2\/types\/page"}],"author":[{"embeddable":true,"href":"https:\/\/www.friedenkoeln.de\/index.php?rest_route=\/wp\/v2\/users\/110"}],"replies":[{"embeddable":true,"href":"https:\/\/www.friedenkoeln.de\/index.php?rest_route=%2Fwp%2Fv2%2Fcomments&post=15307"}],"version-history":[{"count":16,"href":"https:\/\/www.friedenkoeln.de\/index.php?rest_route=\/wp\/v2\/pages\/15307\/revisions"}],"predecessor-version":[{"id":15368,"href":"https:\/\/www.friedenkoeln.de\/index.php?rest_route=\/wp\/v2\/pages\/15307\/revisions\/15368"}],"up":[{"embeddable":true,"href":"https:\/\/www.friedenkoeln.de\/index.php?rest_route=\/wp\/v2\/pages\/15296"}],"wp:attachment":[{"href":"https:\/\/www.friedenkoeln.de\/index.php?rest_route=%2Fwp%2Fv2%2Fmedia&parent=15307"}],"curies":[{"name":"wp","href":"https:\/\/api.w.org\/{rel}","templated":true}]}}