{"id":25,"date":"2014-10-20T23:26:36","date_gmt":"2014-10-20T21:26:36","guid":{"rendered":"http:\/\/www.friedenkoeln.de\/?page_id=25"},"modified":"2025-05-03T22:39:35","modified_gmt":"2025-05-03T20:39:35","slug":"ber-uns","status":"publish","type":"page","link":"https:\/\/www.friedenkoeln.de\/?page_id=25","title":{"rendered":"\u00dcber uns"},"content":{"rendered":"<p>\u201cDer Krieg ist ein Verbrechen an der Menschheit. Ich bin daher entschlossen, keine Art von Krieg zu unterst\u00fctzen und an der Beseitigung aller Kriegsursachen mitzuarbeiten.\u201c<\/p>\n<p style=\"text-align: left;\">Diese <a href=\"https:\/\/www.friedenkoeln.de\/?page_id=10134\">Grundsatzerkl\u00e4rung<\/a> unseres Verbandes bestimmt das friedenspolitische Handeln und Wirken der Mitglieder. Als &#8222;Deutsche Friedensgesellschaft&#8220; 1892 gegr\u00fcndet, ist die DFG-VK heute die gr\u00f6\u00dfte pazifistische Organisation in der Bundesrepublik und\u00a0in vielen Orten vertreten. Die Mitglieder der DFG-VK engagieren sich gegen Milit\u00e4r und R\u00fcstung, setzen sich f\u00fcr zivile Methoden der Konfliktbearbeitung ein und arbeiten an der Beseitigung der Ursachen von Kriegen mit.<\/p>\n<p style=\"text-align: left;\">Die DFG-VK Gruppe K\u00f6ln arbeitet mit anderen Friedensgruppen in K\u00f6ln und dar\u00fcber hinaus zusammen. Wer bei uns Mitglied werden m\u00f6chte oder sich sonst f\u00fcr unsere Arbeit interessiert, ist herzlich willkommen. Mitglied werden ist\u00a0<span style=\"text-decoration: underline; color: #0000ff;\"><em><a style=\"color: #0000ff; text-decoration: underline;\" href=\"https:\/\/www.dfg-vk.de\/mitglied-werden\">hier<\/a><\/em><\/span>\u00a0online oder auch pers\u00f6nlich bei unseren Gruppentreffen m\u00f6glich.<\/p>\n<p>Wir treffen uns monatlich jeden 4. Donnerstag, 19:00 Uhr im Friedensbildungswerk K\u00f6ln, Obenmarspforten 7-11 und in Arbeitsgruppen und bei Aktionen. Wer m\u00f6chte, kann als gew\u00e4hlte*r Vertreter*in der Gruppe an Landes- und Bundeskongressen teilnehmen.<\/p>\n<p>Wir orientieren uns am Konsensprinzip, das hei\u00dft, wir versuchen, Entscheidungen m\u00f6glichst einstimmig zu treffen. Wir haben in einer &#8222;<a href=\"http:\/\/www.friedenkoeln.de\/wp-content\/uploads\/2018\/05\/Regelsammlung-der-DFG-VK-Gr-K\u00f6ln_Beschluss-24-5-18_final.pdf\">Regelsammlung<\/a>&#8220; aufgeschrieben, wie wir uns \u00fcblicherweise organisieren.<\/p>\n<p>Die Jahreshauptversammlung am 12.4.2025 w\u00e4hlte folgende Sprecher*innen:<\/p>\n<p>Angelika Roesrath (Kasse),\u00a0 Hans-Achim Brand, Julia Hecht, Michael Strauch, Michael S\u00fcnner und Christoph Tophoven.<\/p>\n<p>In die Online-Redaktion wurden<br \/>\nHans-Achim Brand,Ren\u00e9 R\u00f6derstein, Stephan Schmitz\u00a0 und Christoph Tophoven gew\u00e4hlt.<\/p>\n","protected":false},"excerpt":{"rendered":"<p>\u201cDer Krieg ist ein Verbrechen an der Menschheit. Ich bin daher entschlossen, keine Art von Krieg zu unterst\u00fctzen und an der Beseitigung aller Kriegsursachen mitzuarbeiten.\u201c Diese Grundsatzerkl\u00e4rung unseres Verbandes bestimmt das friedenspolitische Handeln und&#46;&#46;&#46;<\/p>\n","protected":false},"author":110,"featured_media":0,"parent":0,"menu_order":1,"comment_status":"open","ping_status":"open","template":"","meta":{"footnotes":""},"class_list":["post-25","page","type-page","status-publish","hentry"],"_links":{"self":[{"href":"https:\/\/www.friedenkoeln.de\/index.php?rest_route=\/wp\/v2\/pages\/25","targetHints":{"allow":["GET"]}}],"collection":[{"href":"https:\/\/www.friedenkoeln.de\/index.php?rest_route=\/wp\/v2\/pages"}],"about":[{"href":"https:\/\/www.friedenkoeln.de\/index.php?rest_route=\/wp\/v2\/types\/page"}],"author":[{"embeddable":true,"href":"https:\/\/www.friedenkoeln.de\/index.php?rest_route=\/wp\/v2\/users\/110"}],"replies":[{"embeddable":true,"href":"https:\/\/www.friedenkoeln.de\/index.php?rest_route=%2Fwp%2Fv2%2Fcomments&post=25"}],"version-history":[{"count":33,"href":"https:\/\/www.friedenkoeln.de\/index.php?rest_route=\/wp\/v2\/pages\/25\/revisions"}],"predecessor-version":[{"id":19095,"href":"https:\/\/www.friedenkoeln.de\/index.php?rest_route=\/wp\/v2\/pages\/25\/revisions\/19095"}],"wp:attachment":[{"href":"https:\/\/www.friedenkoeln.de\/index.php?rest_route=%2Fwp%2Fv2%2Fmedia&parent=25"}],"curies":[{"name":"wp","href":"https:\/\/api.w.org\/{rel}","templated":true}]}}