{"id":8565,"date":"2015-07-25T16:53:07","date_gmt":"2015-07-25T14:53:07","guid":{"rendered":"http:\/\/www.friedenkoeln.de\/?page_id=8565"},"modified":"2018-12-05T19:22:12","modified_gmt":"2018-12-05T17:22:12","slug":"graffiti","status":"publish","type":"page","link":"https:\/\/www.friedenkoeln.de\/?page_id=8565","title":{"rendered":"Graffiti"},"content":{"rendered":"<h4><span style=\"text-decoration: underline;\">Graffitis vom Auenweg zwischen M\u00fclheim und Deutz in K\u00f6ln<\/span><\/h4>\n<p>Aufgenommen im Juli 2015. Die Graffitis sind vermutlich im M\u00e4rz 2003 entstanden.<\/p>\n<p>&nbsp;<\/p>\n<p><a href=\"http:\/\/www.friedenkoeln.de\/wp-content\/uploads\/2015\/07\/10.jpeg\" data-id=\"8571\" data-rel=\"lightbox-image-0\" data-rl_title=\"\" data-rl_caption=\"\" title=\"\"><img loading=\"lazy\" decoding=\"async\" class=\"alignnone size-full wp-image-8571\" src=\"http:\/\/www.friedenkoeln.de\/wp-content\/uploads\/2015\/07\/10.jpeg\" alt=\"10\" width=\"178\" height=\"178\" srcset=\"https:\/\/www.friedenkoeln.de\/wp-content\/uploads\/2015\/07\/10.jpeg 178w, https:\/\/www.friedenkoeln.de\/wp-content\/uploads\/2015\/07\/10-150x150.jpeg 150w, https:\/\/www.friedenkoeln.de\/wp-content\/uploads\/2015\/07\/10-65x65.jpeg 65w\" sizes=\"auto, (max-width: 178px) 100vw, 178px\" \/><\/a>\u00a0\u00a0\u00a0\u00a0\u00a0\u00a0\u00a0\u00a0 <a href=\"http:\/\/www.friedenkoeln.de\/wp-content\/uploads\/2015\/07\/17.jpeg\" data-id=\"8572\" data-rel=\"lightbox-image-1\" data-rl_title=\"\" data-rl_caption=\"\" title=\"\"><img loading=\"lazy\" decoding=\"async\" class=\"alignnone size-full wp-image-8572\" src=\"http:\/\/www.friedenkoeln.de\/wp-content\/uploads\/2015\/07\/17.jpeg\" alt=\"17\" width=\"178\" height=\"178\" srcset=\"https:\/\/www.friedenkoeln.de\/wp-content\/uploads\/2015\/07\/17.jpeg 178w, https:\/\/www.friedenkoeln.de\/wp-content\/uploads\/2015\/07\/17-150x150.jpeg 150w, https:\/\/www.friedenkoeln.de\/wp-content\/uploads\/2015\/07\/17-65x65.jpeg 65w\" sizes=\"auto, (max-width: 178px) 100vw, 178px\" \/><\/a><\/p>\n<p>&nbsp;<\/p>\n<p><a href=\"http:\/\/www.friedenkoeln.de\/wp-content\/uploads\/2015\/07\/18.jpeg\" data-id=\"8573\" data-rel=\"lightbox-image-2\" data-rl_title=\"\" data-rl_caption=\"\" title=\"\"><img loading=\"lazy\" decoding=\"async\" class=\"alignnone size-full wp-image-8573\" src=\"http:\/\/www.friedenkoeln.de\/wp-content\/uploads\/2015\/07\/18.jpeg\" alt=\"18\" width=\"178\" height=\"178\" srcset=\"https:\/\/www.friedenkoeln.de\/wp-content\/uploads\/2015\/07\/18.jpeg 178w, https:\/\/www.friedenkoeln.de\/wp-content\/uploads\/2015\/07\/18-150x150.jpeg 150w, https:\/\/www.friedenkoeln.de\/wp-content\/uploads\/2015\/07\/18-65x65.jpeg 65w\" sizes=\"auto, (max-width: 178px) 100vw, 178px\" \/>\u00a0\u00a0\u00a0\u00a0\u00a0\u00a0\u00a0\u00a0\u00a0\u00a0\u00a0 <\/a><a href=\"http:\/\/www.friedenkoeln.de\/wp-content\/uploads\/2015\/07\/19.jpeg\" data-id=\"8574\" data-rel=\"lightbox-image-3\" data-rl_title=\"\" data-rl_caption=\"\" title=\"\"><img loading=\"lazy\" decoding=\"async\" class=\"alignnone size-full wp-image-8574\" src=\"http:\/\/www.friedenkoeln.de\/wp-content\/uploads\/2015\/07\/19.jpeg\" alt=\"19\" width=\"178\" height=\"178\" srcset=\"https:\/\/www.friedenkoeln.de\/wp-content\/uploads\/2015\/07\/19.jpeg 178w, https:\/\/www.friedenkoeln.de\/wp-content\/uploads\/2015\/07\/19-150x150.jpeg 150w, https:\/\/www.friedenkoeln.de\/wp-content\/uploads\/2015\/07\/19-65x65.jpeg 65w\" sizes=\"auto, (max-width: 178px) 100vw, 178px\" \/><\/a><\/p>\n<p>&nbsp;<\/p>\n<p><a href=\"http:\/\/www.friedenkoeln.de\/wp-content\/uploads\/2015\/07\/20.jpeg\" data-id=\"8575\" data-rel=\"lightbox-image-4\" data-rl_title=\"\" data-rl_caption=\"\" title=\"\"><img loading=\"lazy\" decoding=\"async\" class=\"alignnone size-full wp-image-8575\" src=\"http:\/\/www.friedenkoeln.de\/wp-content\/uploads\/2015\/07\/20.jpeg\" alt=\"20\" width=\"178\" height=\"178\" srcset=\"https:\/\/www.friedenkoeln.de\/wp-content\/uploads\/2015\/07\/20.jpeg 178w, https:\/\/www.friedenkoeln.de\/wp-content\/uploads\/2015\/07\/20-150x150.jpeg 150w, https:\/\/www.friedenkoeln.de\/wp-content\/uploads\/2015\/07\/20-65x65.jpeg 65w\" sizes=\"auto, (max-width: 178px) 100vw, 178px\" \/><\/a>\u00a0\u00a0\u00a0\u00a0 <a href=\"http:\/\/www.friedenkoeln.de\/wp-content\/uploads\/2015\/07\/30.jpeg\" data-id=\"8576\" data-rel=\"lightbox-image-5\" data-rl_title=\"\" data-rl_caption=\"\" title=\"\"><img loading=\"lazy\" decoding=\"async\" class=\"alignnone size-full wp-image-8576\" src=\"http:\/\/www.friedenkoeln.de\/wp-content\/uploads\/2015\/07\/30.jpeg\" alt=\"30\" width=\"178\" height=\"178\" srcset=\"https:\/\/www.friedenkoeln.de\/wp-content\/uploads\/2015\/07\/30.jpeg 178w, https:\/\/www.friedenkoeln.de\/wp-content\/uploads\/2015\/07\/30-150x150.jpeg 150w, https:\/\/www.friedenkoeln.de\/wp-content\/uploads\/2015\/07\/30-65x65.jpeg 65w\" sizes=\"auto, (max-width: 178px) 100vw, 178px\" \/><\/a><\/p>\n<p>&nbsp;<\/p>\n<p><a href=\"http:\/\/www.friedenkoeln.de\/wp-content\/uploads\/2015\/07\/34.jpeg\" data-id=\"8577\" data-rel=\"lightbox-image-6\" data-rl_title=\"\" data-rl_caption=\"\" title=\"\"><img loading=\"lazy\" decoding=\"async\" class=\"alignnone size-full wp-image-8577\" src=\"http:\/\/www.friedenkoeln.de\/wp-content\/uploads\/2015\/07\/34.jpeg\" alt=\"34\" width=\"178\" height=\"178\" srcset=\"https:\/\/www.friedenkoeln.de\/wp-content\/uploads\/2015\/07\/34.jpeg 178w, https:\/\/www.friedenkoeln.de\/wp-content\/uploads\/2015\/07\/34-150x150.jpeg 150w, https:\/\/www.friedenkoeln.de\/wp-content\/uploads\/2015\/07\/34-65x65.jpeg 65w\" sizes=\"auto, (max-width: 178px) 100vw, 178px\" \/>\u00a0\u00a0\u00a0\u00a0\u00a0 <\/a><a href=\"http:\/\/www.friedenkoeln.de\/wp-content\/uploads\/2015\/07\/40.jpeg\" data-id=\"8578\" data-rel=\"lightbox-image-7\" data-rl_title=\"\" data-rl_caption=\"\" title=\"\"><img loading=\"lazy\" decoding=\"async\" class=\"alignnone size-full wp-image-8578\" src=\"http:\/\/www.friedenkoeln.de\/wp-content\/uploads\/2015\/07\/40.jpeg\" alt=\"40\" width=\"178\" height=\"178\" srcset=\"https:\/\/www.friedenkoeln.de\/wp-content\/uploads\/2015\/07\/40.jpeg 178w, https:\/\/www.friedenkoeln.de\/wp-content\/uploads\/2015\/07\/40-150x150.jpeg 150w, https:\/\/www.friedenkoeln.de\/wp-content\/uploads\/2015\/07\/40-65x65.jpeg 65w\" sizes=\"auto, (max-width: 178px) 100vw, 178px\" \/><\/a><\/p>\n<p>&nbsp;<\/p>\n<p><a href=\"http:\/\/www.friedenkoeln.de\/wp-content\/uploads\/2015\/07\/43.jpeg\" data-id=\"8579\" data-rel=\"lightbox-image-8\" data-rl_title=\"\" data-rl_caption=\"\" title=\"\"><img loading=\"lazy\" decoding=\"async\" class=\"alignnone size-full wp-image-8579\" src=\"http:\/\/www.friedenkoeln.de\/wp-content\/uploads\/2015\/07\/43.jpeg\" alt=\"43\" width=\"178\" height=\"178\" srcset=\"https:\/\/www.friedenkoeln.de\/wp-content\/uploads\/2015\/07\/43.jpeg 178w, https:\/\/www.friedenkoeln.de\/wp-content\/uploads\/2015\/07\/43-150x150.jpeg 150w, https:\/\/www.friedenkoeln.de\/wp-content\/uploads\/2015\/07\/43-65x65.jpeg 65w\" sizes=\"auto, (max-width: 178px) 100vw, 178px\" \/><\/a>\u00a0\u00a0\u00a0 <a href=\"http:\/\/www.friedenkoeln.de\/wp-content\/uploads\/2015\/07\/44.jpeg\" data-id=\"8580\" data-rel=\"lightbox-image-9\" data-rl_title=\"\" data-rl_caption=\"\" title=\"\"><img loading=\"lazy\" decoding=\"async\" class=\"alignnone size-full wp-image-8580\" src=\"http:\/\/www.friedenkoeln.de\/wp-content\/uploads\/2015\/07\/44.jpeg\" alt=\"44\" width=\"178\" height=\"178\" srcset=\"https:\/\/www.friedenkoeln.de\/wp-content\/uploads\/2015\/07\/44.jpeg 178w, https:\/\/www.friedenkoeln.de\/wp-content\/uploads\/2015\/07\/44-150x150.jpeg 150w, https:\/\/www.friedenkoeln.de\/wp-content\/uploads\/2015\/07\/44-65x65.jpeg 65w\" sizes=\"auto, (max-width: 178px) 100vw, 178px\" \/><\/a><\/p>\n<p>&nbsp;<\/p>\n<p><a href=\"http:\/\/www.friedenkoeln.de\/wp-content\/uploads\/2015\/07\/47.jpeg\" data-id=\"8581\" data-rel=\"lightbox-image-10\" data-rl_title=\"\" data-rl_caption=\"\" title=\"\"><img loading=\"lazy\" decoding=\"async\" class=\"alignnone size-full wp-image-8581\" src=\"http:\/\/www.friedenkoeln.de\/wp-content\/uploads\/2015\/07\/47.jpeg\" alt=\"47\" width=\"178\" height=\"178\" srcset=\"https:\/\/www.friedenkoeln.de\/wp-content\/uploads\/2015\/07\/47.jpeg 178w, https:\/\/www.friedenkoeln.de\/wp-content\/uploads\/2015\/07\/47-150x150.jpeg 150w, https:\/\/www.friedenkoeln.de\/wp-content\/uploads\/2015\/07\/47-65x65.jpeg 65w\" sizes=\"auto, (max-width: 178px) 100vw, 178px\" \/><\/a> \u00a0 \u00a0\u00a0 \u00a0 <a href=\"http:\/\/www.friedenkoeln.de\/wp-content\/uploads\/2015\/07\/48.jpeg\" data-id=\"8582\" data-rel=\"lightbox-image-11\" data-rl_title=\"\" data-rl_caption=\"\" title=\"\"><img loading=\"lazy\" decoding=\"async\" class=\"alignnone size-full wp-image-8582\" src=\"http:\/\/www.friedenkoeln.de\/wp-content\/uploads\/2015\/07\/48.jpeg\" alt=\"48\" width=\"178\" height=\"178\" srcset=\"https:\/\/www.friedenkoeln.de\/wp-content\/uploads\/2015\/07\/48.jpeg 178w, https:\/\/www.friedenkoeln.de\/wp-content\/uploads\/2015\/07\/48-150x150.jpeg 150w, https:\/\/www.friedenkoeln.de\/wp-content\/uploads\/2015\/07\/48-65x65.jpeg 65w\" sizes=\"auto, (max-width: 178px) 100vw, 178px\" \/><\/a><\/p>\n<p>&nbsp;<\/p>\n<p><a href=\"http:\/\/www.friedenkoeln.de\/wp-content\/uploads\/2015\/07\/49.jpeg\" data-id=\"8583\" data-rel=\"lightbox-image-12\" data-rl_title=\"\" data-rl_caption=\"\" title=\"\"><img loading=\"lazy\" decoding=\"async\" class=\"alignnone size-full wp-image-8583\" src=\"http:\/\/www.friedenkoeln.de\/wp-content\/uploads\/2015\/07\/49.jpeg\" alt=\"49\" width=\"178\" height=\"178\" srcset=\"https:\/\/www.friedenkoeln.de\/wp-content\/uploads\/2015\/07\/49.jpeg 178w, https:\/\/www.friedenkoeln.de\/wp-content\/uploads\/2015\/07\/49-150x150.jpeg 150w, https:\/\/www.friedenkoeln.de\/wp-content\/uploads\/2015\/07\/49-65x65.jpeg 65w\" sizes=\"auto, (max-width: 178px) 100vw, 178px\" \/>\u00a0\u00a0\u00a0\u00a0\u00a0\u00a0 <\/a><a href=\"http:\/\/www.friedenkoeln.de\/wp-content\/uploads\/2015\/07\/50.jpeg\" data-id=\"8584\" data-rel=\"lightbox-image-13\" data-rl_title=\"\" data-rl_caption=\"\" title=\"\"><img loading=\"lazy\" decoding=\"async\" class=\"alignnone size-full wp-image-8584\" src=\"http:\/\/www.friedenkoeln.de\/wp-content\/uploads\/2015\/07\/50.jpeg\" alt=\"50\" width=\"178\" height=\"178\" srcset=\"https:\/\/www.friedenkoeln.de\/wp-content\/uploads\/2015\/07\/50.jpeg 178w, https:\/\/www.friedenkoeln.de\/wp-content\/uploads\/2015\/07\/50-150x150.jpeg 150w, https:\/\/www.friedenkoeln.de\/wp-content\/uploads\/2015\/07\/50-65x65.jpeg 65w\" sizes=\"auto, (max-width: 178px) 100vw, 178px\" \/><\/a><\/p>\n<p>&nbsp;<\/p>\n<p><a href=\"http:\/\/www.friedenkoeln.de\/wp-content\/uploads\/2015\/07\/51.jpeg\" data-id=\"8585\" data-rel=\"lightbox-image-14\" data-rl_title=\"\" data-rl_caption=\"\" title=\"\"><img loading=\"lazy\" decoding=\"async\" class=\"alignnone size-full wp-image-8585\" src=\"http:\/\/www.friedenkoeln.de\/wp-content\/uploads\/2015\/07\/51.jpeg\" alt=\"51\" width=\"178\" height=\"178\" srcset=\"https:\/\/www.friedenkoeln.de\/wp-content\/uploads\/2015\/07\/51.jpeg 178w, https:\/\/www.friedenkoeln.de\/wp-content\/uploads\/2015\/07\/51-150x150.jpeg 150w, https:\/\/www.friedenkoeln.de\/wp-content\/uploads\/2015\/07\/51-65x65.jpeg 65w\" sizes=\"auto, (max-width: 178px) 100vw, 178px\" \/><\/a>\u00a0\u00a0\u00a0 <a href=\"http:\/\/www.friedenkoeln.de\/wp-content\/uploads\/2015\/07\/52.jpeg\" data-id=\"8586\" data-rel=\"lightbox-image-15\" data-rl_title=\"\" data-rl_caption=\"\" title=\"\"><img loading=\"lazy\" decoding=\"async\" class=\"alignnone size-full wp-image-8586\" src=\"http:\/\/www.friedenkoeln.de\/wp-content\/uploads\/2015\/07\/52.jpeg\" alt=\"52\" width=\"178\" height=\"178\" srcset=\"https:\/\/www.friedenkoeln.de\/wp-content\/uploads\/2015\/07\/52.jpeg 178w, https:\/\/www.friedenkoeln.de\/wp-content\/uploads\/2015\/07\/52-150x150.jpeg 150w, https:\/\/www.friedenkoeln.de\/wp-content\/uploads\/2015\/07\/52-65x65.jpeg 65w\" sizes=\"auto, (max-width: 178px) 100vw, 178px\" \/><\/a><\/p>\n<p>&nbsp;<\/p>\n<p><a href=\"http:\/\/www.friedenkoeln.de\/wp-content\/uploads\/2015\/07\/53.jpeg\" data-id=\"8587\" data-rel=\"lightbox-image-16\" data-rl_title=\"\" data-rl_caption=\"\" title=\"\"><img loading=\"lazy\" decoding=\"async\" class=\"alignnone size-full wp-image-8587\" src=\"http:\/\/www.friedenkoeln.de\/wp-content\/uploads\/2015\/07\/53.jpeg\" alt=\"53\" width=\"178\" height=\"178\" srcset=\"https:\/\/www.friedenkoeln.de\/wp-content\/uploads\/2015\/07\/53.jpeg 178w, https:\/\/www.friedenkoeln.de\/wp-content\/uploads\/2015\/07\/53-150x150.jpeg 150w, https:\/\/www.friedenkoeln.de\/wp-content\/uploads\/2015\/07\/53-65x65.jpeg 65w\" sizes=\"auto, (max-width: 178px) 100vw, 178px\" \/><\/a>\u00a0\u00a0\u00a0 <a href=\"http:\/\/www.friedenkoeln.de\/wp-content\/uploads\/2015\/07\/54.jpeg\" data-id=\"8588\" data-rel=\"lightbox-image-17\" data-rl_title=\"\" data-rl_caption=\"\" title=\"\"><img loading=\"lazy\" decoding=\"async\" class=\"alignnone size-full wp-image-8588\" src=\"http:\/\/www.friedenkoeln.de\/wp-content\/uploads\/2015\/07\/54.jpeg\" alt=\"54\" width=\"178\" height=\"178\" srcset=\"https:\/\/www.friedenkoeln.de\/wp-content\/uploads\/2015\/07\/54.jpeg 178w, https:\/\/www.friedenkoeln.de\/wp-content\/uploads\/2015\/07\/54-150x150.jpeg 150w, https:\/\/www.friedenkoeln.de\/wp-content\/uploads\/2015\/07\/54-65x65.jpeg 65w\" sizes=\"auto, (max-width: 178px) 100vw, 178px\" \/><\/a><\/p>\n<p>&nbsp;<\/p>\n<p><a href=\"http:\/\/www.friedenkoeln.de\/wp-content\/uploads\/2015\/07\/Yi7TbgQ1eSfoju9ZMTe9sqW_iu9VmEPmMsz8zoJhQOYPgonq99726DWK1tlYnjYhj1dQxXVERoB9KVn334C08U.jpeg\" data-id=\"8589\" data-rel=\"lightbox-image-18\" data-rl_title=\"\" data-rl_caption=\"\" title=\"\"><img loading=\"lazy\" decoding=\"async\" class=\"alignnone size-medium wp-image-8589\" src=\"http:\/\/www.friedenkoeln.de\/wp-content\/uploads\/2015\/07\/Yi7TbgQ1eSfoju9ZMTe9sqW_iu9VmEPmMsz8zoJhQOYPgonq99726DWK1tlYnjYhj1dQxXVERoB9KVn334C08U-320x190.jpeg\" alt=\"Yi7TbgQ1eSfoju9ZMTe9sqW_iu9VmEPmMsz8zoJhQOY,Pgonq99726DWK1tlYnjYhj1dQxXVERoB9KVn334C08U\" width=\"320\" height=\"190\" \/><\/a><\/p>\n","protected":false},"excerpt":{"rendered":"<p>Graffitis vom Auenweg zwischen M\u00fclheim und Deutz in K\u00f6ln Aufgenommen im Juli 2015. Die Graffitis sind vermutlich im M\u00e4rz 2003 entstanden. &nbsp; \u00a0\u00a0\u00a0\u00a0\u00a0\u00a0\u00a0\u00a0 &nbsp; \u00a0\u00a0\u00a0\u00a0\u00a0\u00a0\u00a0\u00a0\u00a0\u00a0\u00a0 &nbsp; \u00a0\u00a0\u00a0\u00a0 &nbsp; \u00a0\u00a0\u00a0\u00a0\u00a0 &nbsp; \u00a0\u00a0\u00a0 &nbsp; \u00a0 \u00a0\u00a0&#46;&#46;&#46;<\/p>\n","protected":false},"author":110,"featured_media":8569,"parent":11667,"menu_order":1,"comment_status":"open","ping_status":"open","template":"","meta":{"footnotes":""},"class_list":["post-8565","page","type-page","status-publish","has-post-thumbnail","hentry"],"_links":{"self":[{"href":"https:\/\/www.friedenkoeln.de\/index.php?rest_route=\/wp\/v2\/pages\/8565","targetHints":{"allow":["GET"]}}],"collection":[{"href":"https:\/\/www.friedenkoeln.de\/index.php?rest_route=\/wp\/v2\/pages"}],"about":[{"href":"https:\/\/www.friedenkoeln.de\/index.php?rest_route=\/wp\/v2\/types\/page"}],"author":[{"embeddable":true,"href":"https:\/\/www.friedenkoeln.de\/index.php?rest_route=\/wp\/v2\/users\/110"}],"replies":[{"embeddable":true,"href":"https:\/\/www.friedenkoeln.de\/index.php?rest_route=%2Fwp%2Fv2%2Fcomments&post=8565"}],"version-history":[{"count":5,"href":"https:\/\/www.friedenkoeln.de\/index.php?rest_route=\/wp\/v2\/pages\/8565\/revisions"}],"predecessor-version":[{"id":11670,"href":"https:\/\/www.friedenkoeln.de\/index.php?rest_route=\/wp\/v2\/pages\/8565\/revisions\/11670"}],"up":[{"embeddable":true,"href":"https:\/\/www.friedenkoeln.de\/index.php?rest_route=\/wp\/v2\/pages\/11667"}],"wp:featuredmedia":[{"embeddable":true,"href":"https:\/\/www.friedenkoeln.de\/index.php?rest_route=\/wp\/v2\/media\/8569"}],"wp:attachment":[{"href":"https:\/\/www.friedenkoeln.de\/index.php?rest_route=%2Fwp%2Fv2%2Fmedia&parent=8565"}],"curies":[{"name":"wp","href":"https:\/\/api.w.org\/{rel}","templated":true}]}}